{"id":3395,"date":"2019-12-09T18:00:48","date_gmt":"2019-12-09T17:00:48","guid":{"rendered":"https:\/\/unikaparfums.com\/?post_type=product&#038;p=3395"},"modified":"2025-12-15T13:02:45","modified_gmt":"2025-12-15T12:02:45","slug":"3395","status":"publish","type":"product","link":"https:\/\/unikaparfums.com\/en\/product\/3395\/","title":{"rendered":"Santal Tabac"},"content":{"rendered":"","protected":false},"excerpt":{"rendered":"<p style=\"text-align: center;\"><strong>Eau de Parfum<\/strong><\/p>\n<p>&nbsp;<\/p>\n<p>This fragrance pays tribute to the iconic raw materials of India. Sandalwood reveals its creamy, subtly soothing softness, blending with the deep, green nuances of tobacco. Enhanced by smoky and spicy notes, it gains contrast and mystery, delivering a sophisticated and captivating scent.<br \/>\nA sensory journey to the heart of India.<\/p>\n<p>&nbsp;<\/p>\n<p style=\"text-align: center;\"><strong>Unisex perfume, made in France<\/strong><\/p>","protected":false},"featured_media":3811,"template":"","meta":[],"product_brand":[],"product_cat":[15],"product_tag":[],"class_list":{"0":"post-3395","1":"product","2":"type-product","3":"status-publish","4":"has-post-thumbnail","6":"product_cat-parfums","8":"first","9":"instock","10":"featured","11":"taxable","12":"shipping-taxable","13":"purchasable","14":"product-type-variable","15":"has-default-attributes"},"yoast_head":"<!-- This site is optimized with the Yoast SEO plugin v26.8 - https:\/\/yoast.com\/product\/yoast-seo-wordpress\/ -->\n<title>Santal Tabac - Unika parfums<\/title>\n<meta name=\"robots\" content=\"index, follow, max-snippet:-1, max-image-preview:large, max-video-preview:-1\" \/>\n<link rel=\"canonical\" href=\"https:\/\/unikaparfums.com\/en\/product\/3395\/\" \/>\n<meta property=\"og:locale\" content=\"en_US\" \/>\n<meta property=\"og:type\" content=\"article\" \/>\n<meta property=\"og:title\" content=\"Santal Tabac - Unika parfums\" \/>\n<meta property=\"og:description\" content=\"Eau de Parfum &nbsp;  Ce parfum rend hommage aux mati\u00e8res premi\u00e8res iconiques de l\u2019Inde. Le bois de santal, d\u00e9voile sa douceur cr\u00e9meuse et subtilement apaisante, se m\u00ealant aux accents profonds et verts du tabac. Rehauss\u00e9 de notes fum\u00e9es et \u00e9pic\u00e9es, il gagne en contraste et myst\u00e8re, offrant un parfum sophistiqu\u00e9 et envoutant. Un voyage sensoriel au c\u0153ur de l\u2019Inde.  &nbsp; Parfum unisexe, fabriqu\u00e9 en France\" \/>\n<meta property=\"og:url\" content=\"https:\/\/unikaparfums.com\/en\/product\/3395\/\" \/>\n<meta property=\"og:site_name\" content=\"Unika parfums\" \/>\n<meta property=\"article:modified_time\" content=\"2025-12-15T12:02:45+00:00\" \/>\n<meta property=\"og:image\" content=\"https:\/\/unikaparfums.com\/wp-content\/uploads\/2025\/03\/Unika6_boite.jpg\" \/>\n\t<meta property=\"og:image:width\" content=\"2560\" \/>\n\t<meta property=\"og:image:height\" content=\"1707\" \/>\n\t<meta property=\"og:image:type\" content=\"image\/jpeg\" \/>\n<meta name=\"twitter:card\" content=\"summary_large_image\" \/>\n<meta name=\"twitter:label1\" content=\"Est. reading time\" \/>\n\t<meta name=\"twitter:data1\" content=\"1 minute\" \/>\n<script type=\"application\/ld+json\" class=\"yoast-schema-graph\">{\"@context\":\"https:\/\/schema.org\",\"@graph\":[{\"@type\":\"WebPage\",\"@id\":\"https:\/\/unikaparfums.com\/product\/3395\/\",\"url\":\"https:\/\/unikaparfums.com\/product\/3395\/\",\"name\":\"Santal Tabac - Unika parfums\",\"isPartOf\":{\"@id\":\"https:\/\/unikaparfums.com\/#website\"},\"primaryImageOfPage\":{\"@id\":\"https:\/\/unikaparfums.com\/product\/3395\/#primaryimage\"},\"image\":{\"@id\":\"https:\/\/unikaparfums.com\/product\/3395\/#primaryimage\"},\"thumbnailUrl\":\"https:\/\/unikaparfums.com\/wp-content\/uploads\/2025\/03\/Unika6_boite.jpg\",\"datePublished\":\"2019-12-09T17:00:48+00:00\",\"dateModified\":\"2025-12-15T12:02:45+00:00\",\"breadcrumb\":{\"@id\":\"https:\/\/unikaparfums.com\/product\/3395\/#breadcrumb\"},\"inLanguage\":\"en-US\",\"potentialAction\":[{\"@type\":\"ReadAction\",\"target\":[\"https:\/\/unikaparfums.com\/product\/3395\/\"]}]},{\"@type\":\"ImageObject\",\"inLanguage\":\"en-US\",\"@id\":\"https:\/\/unikaparfums.com\/product\/3395\/#primaryimage\",\"url\":\"https:\/\/unikaparfums.com\/wp-content\/uploads\/2025\/03\/Unika6_boite.jpg\",\"contentUrl\":\"https:\/\/unikaparfums.com\/wp-content\/uploads\/2025\/03\/Unika6_boite.jpg\",\"width\":2560,\"height\":1707},{\"@type\":\"BreadcrumbList\",\"@id\":\"https:\/\/unikaparfums.com\/product\/3395\/#breadcrumb\",\"itemListElement\":[{\"@type\":\"ListItem\",\"position\":1,\"name\":\"Accueil\",\"item\":\"https:\/\/unikaparfums.com\/\"},{\"@type\":\"ListItem\",\"position\":2,\"name\":\"Shop\",\"item\":\"https:\/\/unikaparfums.com\/shop\/\"},{\"@type\":\"ListItem\",\"position\":3,\"name\":\"Santal Tabac\"}]},{\"@type\":\"WebSite\",\"@id\":\"https:\/\/unikaparfums.com\/#website\",\"url\":\"https:\/\/unikaparfums.com\/\",\"name\":\"Unika parfums\",\"description\":\"Le parfum est une \u00e9motion\",\"publisher\":{\"@id\":\"https:\/\/unikaparfums.com\/#organization\"},\"potentialAction\":[{\"@type\":\"SearchAction\",\"target\":{\"@type\":\"EntryPoint\",\"urlTemplate\":\"https:\/\/unikaparfums.com\/?s={search_term_string}\"},\"query-input\":{\"@type\":\"PropertyValueSpecification\",\"valueRequired\":true,\"valueName\":\"search_term_string\"}}],\"inLanguage\":\"en-US\"},{\"@type\":\"Organization\",\"@id\":\"https:\/\/unikaparfums.com\/#organization\",\"name\":\"Perfumista\",\"url\":\"https:\/\/unikaparfums.com\/\",\"logo\":{\"@type\":\"ImageObject\",\"inLanguage\":\"en-US\",\"@id\":\"https:\/\/unikaparfums.com\/#\/schema\/logo\/image\/\",\"url\":\"https:\/\/unikaparfums.com\/wp-content\/uploads\/2023\/09\/favicon.png\",\"contentUrl\":\"https:\/\/unikaparfums.com\/wp-content\/uploads\/2023\/09\/favicon.png\",\"width\":960,\"height\":960,\"caption\":\"Perfumista\"},\"image\":{\"@id\":\"https:\/\/unikaparfums.com\/#\/schema\/logo\/image\/\"}}]}<\/script>\n<!-- \/ Yoast SEO plugin. -->","yoast_head_json":{"title":"Santal Tabac - Unika parfums","robots":{"index":"index","follow":"follow","max-snippet":"max-snippet:-1","max-image-preview":"max-image-preview:large","max-video-preview":"max-video-preview:-1"},"canonical":"https:\/\/unikaparfums.com\/en\/product\/3395\/","og_locale":"en_US","og_type":"article","og_title":"Santal Tabac - Unika parfums","og_description":"Eau de Parfum &nbsp;  Ce parfum rend hommage aux mati\u00e8res premi\u00e8res iconiques de l\u2019Inde. Le bois de santal, d\u00e9voile sa douceur cr\u00e9meuse et subtilement apaisante, se m\u00ealant aux accents profonds et verts du tabac. Rehauss\u00e9 de notes fum\u00e9es et \u00e9pic\u00e9es, il gagne en contraste et myst\u00e8re, offrant un parfum sophistiqu\u00e9 et envoutant. Un voyage sensoriel au c\u0153ur de l\u2019Inde.  &nbsp; Parfum unisexe, fabriqu\u00e9 en France","og_url":"https:\/\/unikaparfums.com\/en\/product\/3395\/","og_site_name":"Unika parfums","article_modified_time":"2025-12-15T12:02:45+00:00","og_image":[{"width":2560,"height":1707,"url":"https:\/\/unikaparfums.com\/wp-content\/uploads\/2025\/03\/Unika6_boite.jpg","type":"image\/jpeg"}],"twitter_card":"summary_large_image","twitter_misc":{"Est. reading time":"1 minute"},"schema":{"@context":"https:\/\/schema.org","@graph":[{"@type":"WebPage","@id":"https:\/\/unikaparfums.com\/product\/3395\/","url":"https:\/\/unikaparfums.com\/product\/3395\/","name":"Santal Tabac - Unika parfums","isPartOf":{"@id":"https:\/\/unikaparfums.com\/#website"},"primaryImageOfPage":{"@id":"https:\/\/unikaparfums.com\/product\/3395\/#primaryimage"},"image":{"@id":"https:\/\/unikaparfums.com\/product\/3395\/#primaryimage"},"thumbnailUrl":"https:\/\/unikaparfums.com\/wp-content\/uploads\/2025\/03\/Unika6_boite.jpg","datePublished":"2019-12-09T17:00:48+00:00","dateModified":"2025-12-15T12:02:45+00:00","breadcrumb":{"@id":"https:\/\/unikaparfums.com\/product\/3395\/#breadcrumb"},"inLanguage":"en-US","potentialAction":[{"@type":"ReadAction","target":["https:\/\/unikaparfums.com\/product\/3395\/"]}]},{"@type":"ImageObject","inLanguage":"en-US","@id":"https:\/\/unikaparfums.com\/product\/3395\/#primaryimage","url":"https:\/\/unikaparfums.com\/wp-content\/uploads\/2025\/03\/Unika6_boite.jpg","contentUrl":"https:\/\/unikaparfums.com\/wp-content\/uploads\/2025\/03\/Unika6_boite.jpg","width":2560,"height":1707},{"@type":"BreadcrumbList","@id":"https:\/\/unikaparfums.com\/product\/3395\/#breadcrumb","itemListElement":[{"@type":"ListItem","position":1,"name":"Accueil","item":"https:\/\/unikaparfums.com\/"},{"@type":"ListItem","position":2,"name":"Shop","item":"https:\/\/unikaparfums.com\/shop\/"},{"@type":"ListItem","position":3,"name":"Santal Tabac"}]},{"@type":"WebSite","@id":"https:\/\/unikaparfums.com\/#website","url":"https:\/\/unikaparfums.com\/","name":"Unika parfums","description":"Perfume is an emotion","publisher":{"@id":"https:\/\/unikaparfums.com\/#organization"},"potentialAction":[{"@type":"SearchAction","target":{"@type":"EntryPoint","urlTemplate":"https:\/\/unikaparfums.com\/?s={search_term_string}"},"query-input":{"@type":"PropertyValueSpecification","valueRequired":true,"valueName":"search_term_string"}}],"inLanguage":"en-US"},{"@type":"Organization","@id":"https:\/\/unikaparfums.com\/#organization","name":"Perfumista","url":"https:\/\/unikaparfums.com\/","logo":{"@type":"ImageObject","inLanguage":"en-US","@id":"https:\/\/unikaparfums.com\/#\/schema\/logo\/image\/","url":"https:\/\/unikaparfums.com\/wp-content\/uploads\/2023\/09\/favicon.png","contentUrl":"https:\/\/unikaparfums.com\/wp-content\/uploads\/2023\/09\/favicon.png","width":960,"height":960,"caption":"Perfumista"},"image":{"@id":"https:\/\/unikaparfums.com\/#\/schema\/logo\/image\/"}}]}},"jetpack_sharing_enabled":true,"_links":{"self":[{"href":"https:\/\/unikaparfums.com\/en\/wp-json\/wp\/v2\/product\/3395","targetHints":{"allow":["GET"]}}],"collection":[{"href":"https:\/\/unikaparfums.com\/en\/wp-json\/wp\/v2\/product"}],"about":[{"href":"https:\/\/unikaparfums.com\/en\/wp-json\/wp\/v2\/types\/product"}],"version-history":[{"count":4,"href":"https:\/\/unikaparfums.com\/en\/wp-json\/wp\/v2\/product\/3395\/revisions"}],"predecessor-version":[{"id":3472,"href":"https:\/\/unikaparfums.com\/en\/wp-json\/wp\/v2\/product\/3395\/revisions\/3472"}],"wp:featuredmedia":[{"embeddable":true,"href":"https:\/\/unikaparfums.com\/en\/wp-json\/wp\/v2\/media\/3811"}],"wp:attachment":[{"href":"https:\/\/unikaparfums.com\/en\/wp-json\/wp\/v2\/media?parent=3395"}],"wp:term":[{"taxonomy":"product_brand","embeddable":true,"href":"https:\/\/unikaparfums.com\/en\/wp-json\/wp\/v2\/product_brand?post=3395"},{"taxonomy":"product_cat","embeddable":true,"href":"https:\/\/unikaparfums.com\/en\/wp-json\/wp\/v2\/product_cat?post=3395"},{"taxonomy":"product_tag","embeddable":true,"href":"https:\/\/unikaparfums.com\/en\/wp-json\/wp\/v2\/product_tag?post=3395"}],"curies":[{"name":"wp","href":"https:\/\/api.w.org\/{rel}","templated":true}]}}