{"id":2572,"date":"2021-04-23T12:43:28","date_gmt":"2021-04-23T12:43:28","guid":{"rendered":"https:\/\/perfumista.fr\/?post_type=product&#038;p=2572"},"modified":"2025-03-31T09:21:08","modified_gmt":"2025-03-31T07:21:08","slug":"coffret-decouverte","status":"publish","type":"product","link":"https:\/\/unikaparfums.com\/en\/product\/coffret-decouverte\/","title":{"rendered":"Discovery Box"},"content":{"rendered":"","protected":false},"excerpt":{"rendered":"<p>&nbsp;<\/p>\n<p>With its 6 perfume samples 2ml, this lovely coffret invites you to discover the olfactory universe of UNIKA and its unique creations. Whether you are looking for a fresh and light fragrance or a more intense and sensual one, you are sure to find what you are looking for .<\/p>\n<p>Let your nose guide you!<\/p>\n<p>For any purchase of a discovery set, you will receive a 29\u20ac coupon code, to be used on your next order including a 100ml bottle.<\/p>\n<p>Offer exclusive to <a href=\"https:\/\/unikaparfums.com\/en\/\">www.unikaparfums.com<\/a><\/p>","protected":false},"featured_media":3349,"template":"","meta":[],"product_brand":[],"product_cat":[15],"product_tag":[],"class_list":{"0":"post-2572","1":"product","2":"type-product","3":"status-publish","4":"has-post-thumbnail","6":"product_cat-parfums","7":"product_shipping_class-free-shipping","9":"first","10":"instock","11":"taxable","12":"shipping-taxable","13":"purchasable","14":"product-type-simple"},"yoast_head":"<!-- This site is optimized with the Yoast SEO plugin v26.8 - https:\/\/yoast.com\/product\/yoast-seo-wordpress\/ -->\n<title>Coffret D\u00e9couverte - Unika parfums<\/title>\n<meta name=\"robots\" content=\"index, follow, max-snippet:-1, max-image-preview:large, max-video-preview:-1\" \/>\n<link rel=\"canonical\" href=\"https:\/\/unikaparfums.com\/en\/product\/coffret-decouverte\/\" \/>\n<meta property=\"og:locale\" content=\"en_US\" \/>\n<meta property=\"og:type\" content=\"article\" \/>\n<meta property=\"og:title\" content=\"Coffret D\u00e9couverte - Unika parfums\" \/>\n<meta property=\"og:description\" content=\"&nbsp;  Avec ses 6 \u00e9chantillons 2ml de parfums, ce joli coffret vous invite \u00e0 d\u00e9couvrir l&#039;univers olfactif d&#039;UNIKA et ses cr\u00e9ations uniques. Que vous soyez \u00e0 la recherche d&#039;un parfum frais et l\u00e9ger ou d&#039;un parfum plus intense et sensuel, vous y trouverez forc\u00e9ment votre bonheur.  Laissez votre nez vous guider\u00a0!  Pour tout achat d\u2019un Coffret d\u00e9couverte, vous recevrez un code de r\u00e9duction de 29\u20ac, \u00e0 utiliser lors de votre prochaine commande comprenant un flacon de 100ml.  Offre exclusive \u00e0 www.unikaparfums.com\" \/>\n<meta property=\"og:url\" content=\"https:\/\/unikaparfums.com\/en\/product\/coffret-decouverte\/\" \/>\n<meta property=\"og:site_name\" content=\"Unika parfums\" \/>\n<meta property=\"article:modified_time\" content=\"2025-03-31T07:21:08+00:00\" \/>\n<meta property=\"og:image\" content=\"https:\/\/unikaparfums.com\/wp-content\/uploads\/2021\/04\/Milophotographie-23.jpg\" \/>\n\t<meta property=\"og:image:width\" content=\"1024\" \/>\n\t<meta property=\"og:image:height\" content=\"683\" \/>\n\t<meta property=\"og:image:type\" content=\"image\/jpeg\" \/>\n<meta name=\"twitter:card\" content=\"summary_large_image\" \/>\n<meta name=\"twitter:label1\" content=\"Est. reading time\" \/>\n\t<meta name=\"twitter:data1\" content=\"1 minute\" \/>\n<script type=\"application\/ld+json\" class=\"yoast-schema-graph\">{\"@context\":\"https:\/\/schema.org\",\"@graph\":[{\"@type\":\"WebPage\",\"@id\":\"https:\/\/unikaparfums.com\/product\/coffret-decouverte\/\",\"url\":\"https:\/\/unikaparfums.com\/product\/coffret-decouverte\/\",\"name\":\"Coffret D\u00e9couverte - Unika parfums\",\"isPartOf\":{\"@id\":\"https:\/\/unikaparfums.com\/#website\"},\"primaryImageOfPage\":{\"@id\":\"https:\/\/unikaparfums.com\/product\/coffret-decouverte\/#primaryimage\"},\"image\":{\"@id\":\"https:\/\/unikaparfums.com\/product\/coffret-decouverte\/#primaryimage\"},\"thumbnailUrl\":\"https:\/\/unikaparfums.com\/wp-content\/uploads\/2021\/04\/Milophotographie-23.jpg\",\"datePublished\":\"2021-04-23T12:43:28+00:00\",\"dateModified\":\"2025-03-31T07:21:08+00:00\",\"breadcrumb\":{\"@id\":\"https:\/\/unikaparfums.com\/product\/coffret-decouverte\/#breadcrumb\"},\"inLanguage\":\"en-US\",\"potentialAction\":[{\"@type\":\"ReadAction\",\"target\":[\"https:\/\/unikaparfums.com\/product\/coffret-decouverte\/\"]}]},{\"@type\":\"ImageObject\",\"inLanguage\":\"en-US\",\"@id\":\"https:\/\/unikaparfums.com\/product\/coffret-decouverte\/#primaryimage\",\"url\":\"https:\/\/unikaparfums.com\/wp-content\/uploads\/2021\/04\/Milophotographie-23.jpg\",\"contentUrl\":\"https:\/\/unikaparfums.com\/wp-content\/uploads\/2021\/04\/Milophotographie-23.jpg\",\"width\":1024,\"height\":683},{\"@type\":\"BreadcrumbList\",\"@id\":\"https:\/\/unikaparfums.com\/product\/coffret-decouverte\/#breadcrumb\",\"itemListElement\":[{\"@type\":\"ListItem\",\"position\":1,\"name\":\"Accueil\",\"item\":\"https:\/\/unikaparfums.com\/\"},{\"@type\":\"ListItem\",\"position\":2,\"name\":\"Shop\",\"item\":\"https:\/\/unikaparfums.com\/shop\/\"},{\"@type\":\"ListItem\",\"position\":3,\"name\":\"Coffret D\u00e9couverte\"}]},{\"@type\":\"WebSite\",\"@id\":\"https:\/\/unikaparfums.com\/#website\",\"url\":\"https:\/\/unikaparfums.com\/\",\"name\":\"Unika parfums\",\"description\":\"Le parfum est une \u00e9motion\",\"publisher\":{\"@id\":\"https:\/\/unikaparfums.com\/#organization\"},\"potentialAction\":[{\"@type\":\"SearchAction\",\"target\":{\"@type\":\"EntryPoint\",\"urlTemplate\":\"https:\/\/unikaparfums.com\/?s={search_term_string}\"},\"query-input\":{\"@type\":\"PropertyValueSpecification\",\"valueRequired\":true,\"valueName\":\"search_term_string\"}}],\"inLanguage\":\"en-US\"},{\"@type\":\"Organization\",\"@id\":\"https:\/\/unikaparfums.com\/#organization\",\"name\":\"Perfumista\",\"url\":\"https:\/\/unikaparfums.com\/\",\"logo\":{\"@type\":\"ImageObject\",\"inLanguage\":\"en-US\",\"@id\":\"https:\/\/unikaparfums.com\/#\/schema\/logo\/image\/\",\"url\":\"https:\/\/unikaparfums.com\/wp-content\/uploads\/2023\/09\/favicon.png\",\"contentUrl\":\"https:\/\/unikaparfums.com\/wp-content\/uploads\/2023\/09\/favicon.png\",\"width\":960,\"height\":960,\"caption\":\"Perfumista\"},\"image\":{\"@id\":\"https:\/\/unikaparfums.com\/#\/schema\/logo\/image\/\"}}]}<\/script>\n<!-- \/ Yoast SEO plugin. -->","yoast_head_json":{"title":"Coffret D\u00e9couverte - Unika parfums","robots":{"index":"index","follow":"follow","max-snippet":"max-snippet:-1","max-image-preview":"max-image-preview:large","max-video-preview":"max-video-preview:-1"},"canonical":"https:\/\/unikaparfums.com\/en\/product\/coffret-decouverte\/","og_locale":"en_US","og_type":"article","og_title":"Coffret D\u00e9couverte - Unika parfums","og_description":"&nbsp;  Avec ses 6 \u00e9chantillons 2ml de parfums, ce joli coffret vous invite \u00e0 d\u00e9couvrir l'univers olfactif d'UNIKA et ses cr\u00e9ations uniques. Que vous soyez \u00e0 la recherche d'un parfum frais et l\u00e9ger ou d'un parfum plus intense et sensuel, vous y trouverez forc\u00e9ment votre bonheur.  Laissez votre nez vous guider\u00a0!  Pour tout achat d\u2019un Coffret d\u00e9couverte, vous recevrez un code de r\u00e9duction de 29\u20ac, \u00e0 utiliser lors de votre prochaine commande comprenant un flacon de 100ml.  Offre exclusive \u00e0 www.unikaparfums.com","og_url":"https:\/\/unikaparfums.com\/en\/product\/coffret-decouverte\/","og_site_name":"Unika parfums","article_modified_time":"2025-03-31T07:21:08+00:00","og_image":[{"width":1024,"height":683,"url":"https:\/\/unikaparfums.com\/wp-content\/uploads\/2021\/04\/Milophotographie-23.jpg","type":"image\/jpeg"}],"twitter_card":"summary_large_image","twitter_misc":{"Est. reading time":"1 minute"},"schema":{"@context":"https:\/\/schema.org","@graph":[{"@type":"WebPage","@id":"https:\/\/unikaparfums.com\/product\/coffret-decouverte\/","url":"https:\/\/unikaparfums.com\/product\/coffret-decouverte\/","name":"Coffret D\u00e9couverte - Unika parfums","isPartOf":{"@id":"https:\/\/unikaparfums.com\/#website"},"primaryImageOfPage":{"@id":"https:\/\/unikaparfums.com\/product\/coffret-decouverte\/#primaryimage"},"image":{"@id":"https:\/\/unikaparfums.com\/product\/coffret-decouverte\/#primaryimage"},"thumbnailUrl":"https:\/\/unikaparfums.com\/wp-content\/uploads\/2021\/04\/Milophotographie-23.jpg","datePublished":"2021-04-23T12:43:28+00:00","dateModified":"2025-03-31T07:21:08+00:00","breadcrumb":{"@id":"https:\/\/unikaparfums.com\/product\/coffret-decouverte\/#breadcrumb"},"inLanguage":"en-US","potentialAction":[{"@type":"ReadAction","target":["https:\/\/unikaparfums.com\/product\/coffret-decouverte\/"]}]},{"@type":"ImageObject","inLanguage":"en-US","@id":"https:\/\/unikaparfums.com\/product\/coffret-decouverte\/#primaryimage","url":"https:\/\/unikaparfums.com\/wp-content\/uploads\/2021\/04\/Milophotographie-23.jpg","contentUrl":"https:\/\/unikaparfums.com\/wp-content\/uploads\/2021\/04\/Milophotographie-23.jpg","width":1024,"height":683},{"@type":"BreadcrumbList","@id":"https:\/\/unikaparfums.com\/product\/coffret-decouverte\/#breadcrumb","itemListElement":[{"@type":"ListItem","position":1,"name":"Accueil","item":"https:\/\/unikaparfums.com\/"},{"@type":"ListItem","position":2,"name":"Shop","item":"https:\/\/unikaparfums.com\/shop\/"},{"@type":"ListItem","position":3,"name":"Coffret D\u00e9couverte"}]},{"@type":"WebSite","@id":"https:\/\/unikaparfums.com\/#website","url":"https:\/\/unikaparfums.com\/","name":"Unika parfums","description":"Perfume is an emotion","publisher":{"@id":"https:\/\/unikaparfums.com\/#organization"},"potentialAction":[{"@type":"SearchAction","target":{"@type":"EntryPoint","urlTemplate":"https:\/\/unikaparfums.com\/?s={search_term_string}"},"query-input":{"@type":"PropertyValueSpecification","valueRequired":true,"valueName":"search_term_string"}}],"inLanguage":"en-US"},{"@type":"Organization","@id":"https:\/\/unikaparfums.com\/#organization","name":"Perfumista","url":"https:\/\/unikaparfums.com\/","logo":{"@type":"ImageObject","inLanguage":"en-US","@id":"https:\/\/unikaparfums.com\/#\/schema\/logo\/image\/","url":"https:\/\/unikaparfums.com\/wp-content\/uploads\/2023\/09\/favicon.png","contentUrl":"https:\/\/unikaparfums.com\/wp-content\/uploads\/2023\/09\/favicon.png","width":960,"height":960,"caption":"Perfumista"},"image":{"@id":"https:\/\/unikaparfums.com\/#\/schema\/logo\/image\/"}}]}},"jetpack_sharing_enabled":true,"_links":{"self":[{"href":"https:\/\/unikaparfums.com\/en\/wp-json\/wp\/v2\/product\/2572","targetHints":{"allow":["GET"]}}],"collection":[{"href":"https:\/\/unikaparfums.com\/en\/wp-json\/wp\/v2\/product"}],"about":[{"href":"https:\/\/unikaparfums.com\/en\/wp-json\/wp\/v2\/types\/product"}],"version-history":[{"count":8,"href":"https:\/\/unikaparfums.com\/en\/wp-json\/wp\/v2\/product\/2572\/revisions"}],"predecessor-version":[{"id":3402,"href":"https:\/\/unikaparfums.com\/en\/wp-json\/wp\/v2\/product\/2572\/revisions\/3402"}],"wp:featuredmedia":[{"embeddable":true,"href":"https:\/\/unikaparfums.com\/en\/wp-json\/wp\/v2\/media\/3349"}],"wp:attachment":[{"href":"https:\/\/unikaparfums.com\/en\/wp-json\/wp\/v2\/media?parent=2572"}],"wp:term":[{"taxonomy":"product_brand","embeddable":true,"href":"https:\/\/unikaparfums.com\/en\/wp-json\/wp\/v2\/product_brand?post=2572"},{"taxonomy":"product_cat","embeddable":true,"href":"https:\/\/unikaparfums.com\/en\/wp-json\/wp\/v2\/product_cat?post=2572"},{"taxonomy":"product_tag","embeddable":true,"href":"https:\/\/unikaparfums.com\/en\/wp-json\/wp\/v2\/product_tag?post=2572"}],"curies":[{"name":"wp","href":"https:\/\/api.w.org\/{rel}","templated":true}]}}