{"id":2136,"date":"2020-12-11T10:23:11","date_gmt":"2020-12-11T10:23:11","guid":{"rendered":"https:\/\/perfumista.fr\/?post_type=product&#038;p=2136"},"modified":"2026-04-08T10:05:08","modified_gmt":"2026-04-08T08:05:08","slug":"oud-osmanthus","status":"publish","type":"product","link":"https:\/\/unikaparfums.com\/en\/product\/oud-osmanthus\/","title":{"rendered":"Oud Osmanthus"},"content":{"rendered":"","protected":false},"excerpt":{"rendered":"<p style=\"text-align: center;\"><strong>Eau de Parfum<\/strong><\/p>\n<p>&nbsp;<\/p>\n<p>V\u00e9ronique, passionate about osmanthus, paired it with oud to create an unexpectedly oriental fragrance.. Its animalic notes transport us to Tunisia, where leather and sunshine intertwine. The apricot-peach aroma of osmanthus lends the scent its suave, dense, and velvety nuances. This fragrance reveals sweet, honeyed, juicy, and soft facets.<br \/>\nOud in a new light.<\/p>\n<p>&nbsp;<\/p>\n<p style=\"text-align: center;\"><strong>Unisex perfume, made in France<\/strong><\/p>","protected":false},"featured_media":3384,"template":"","meta":[],"product_brand":[],"product_cat":[15],"product_tag":[],"class_list":{"0":"post-2136","1":"product","2":"type-product","3":"status-publish","4":"has-post-thumbnail","6":"product_cat-parfums","8":"first","9":"instock","10":"featured","11":"taxable","12":"shipping-taxable","13":"purchasable","14":"product-type-variable","15":"has-default-attributes"},"yoast_head":"<!-- This site is optimized with the Yoast SEO plugin v26.8 - https:\/\/yoast.com\/product\/yoast-seo-wordpress\/ -->\n<title>Oud Osmanthus - Unika parfums<\/title>\n<meta name=\"robots\" content=\"index, follow, max-snippet:-1, max-image-preview:large, max-video-preview:-1\" \/>\n<link rel=\"canonical\" href=\"https:\/\/unikaparfums.com\/en\/product\/oud-osmanthus\/\" \/>\n<meta property=\"og:locale\" content=\"en_US\" \/>\n<meta property=\"og:type\" content=\"article\" \/>\n<meta property=\"og:title\" content=\"Oud Osmanthus - Unika parfums\" \/>\n<meta property=\"og:description\" content=\"Eau de Parfum &nbsp;  V\u00e9ronique, passionn\u00e9e par l\u2019osmanthus, l\u2019a associ\u00e9 au oud pour cr\u00e9er un parfum oriental inattendu. Ses notes animales nous plongent en Tunisie, o\u00f9 cuir et soleil se m\u00ealent. L\u2019ar\u00f4me abricot-p\u00eache de l\u2019osmanthus donne au parfum ses nuances suaves, denses et velout\u00e9es. Ce parfum affiche des facettes sucr\u00e9es, miell\u00e9es, juteuses et douces. Le oud sous un nouveau jour.  &nbsp; Parfum unisexe, fabriqu\u00e9 en France\" \/>\n<meta property=\"og:url\" content=\"https:\/\/unikaparfums.com\/en\/product\/oud-osmanthus\/\" \/>\n<meta property=\"og:site_name\" content=\"Unika parfums\" \/>\n<meta property=\"article:modified_time\" content=\"2026-04-08T08:05:08+00:00\" \/>\n<meta property=\"og:image\" content=\"https:\/\/unikaparfums.com\/wp-content\/uploads\/2025\/03\/Milophotographie-5-scaled.jpg\" \/>\n\t<meta property=\"og:image:width\" content=\"2560\" \/>\n\t<meta property=\"og:image:height\" content=\"1707\" \/>\n\t<meta property=\"og:image:type\" content=\"image\/jpeg\" \/>\n<meta name=\"twitter:card\" content=\"summary_large_image\" \/>\n<meta name=\"twitter:label1\" content=\"Est. reading time\" \/>\n\t<meta name=\"twitter:data1\" content=\"1 minute\" \/>\n<script type=\"application\/ld+json\" class=\"yoast-schema-graph\">{\"@context\":\"https:\/\/schema.org\",\"@graph\":[{\"@type\":\"WebPage\",\"@id\":\"https:\/\/unikaparfums.com\/product\/oud-osmanthus\/\",\"url\":\"https:\/\/unikaparfums.com\/product\/oud-osmanthus\/\",\"name\":\"Oud Osmanthus - Unika parfums\",\"isPartOf\":{\"@id\":\"https:\/\/unikaparfums.com\/#website\"},\"primaryImageOfPage\":{\"@id\":\"https:\/\/unikaparfums.com\/product\/oud-osmanthus\/#primaryimage\"},\"image\":{\"@id\":\"https:\/\/unikaparfums.com\/product\/oud-osmanthus\/#primaryimage\"},\"thumbnailUrl\":\"https:\/\/unikaparfums.com\/wp-content\/uploads\/2025\/03\/Milophotographie-5-scaled.jpg\",\"datePublished\":\"2020-12-11T10:23:11+00:00\",\"dateModified\":\"2026-04-08T08:05:08+00:00\",\"breadcrumb\":{\"@id\":\"https:\/\/unikaparfums.com\/product\/oud-osmanthus\/#breadcrumb\"},\"inLanguage\":\"en-US\",\"potentialAction\":[{\"@type\":\"ReadAction\",\"target\":[\"https:\/\/unikaparfums.com\/product\/oud-osmanthus\/\"]}]},{\"@type\":\"ImageObject\",\"inLanguage\":\"en-US\",\"@id\":\"https:\/\/unikaparfums.com\/product\/oud-osmanthus\/#primaryimage\",\"url\":\"https:\/\/unikaparfums.com\/wp-content\/uploads\/2025\/03\/Milophotographie-5-scaled.jpg\",\"contentUrl\":\"https:\/\/unikaparfums.com\/wp-content\/uploads\/2025\/03\/Milophotographie-5-scaled.jpg\",\"width\":2560,\"height\":1707},{\"@type\":\"BreadcrumbList\",\"@id\":\"https:\/\/unikaparfums.com\/product\/oud-osmanthus\/#breadcrumb\",\"itemListElement\":[{\"@type\":\"ListItem\",\"position\":1,\"name\":\"Accueil\",\"item\":\"https:\/\/unikaparfums.com\/\"},{\"@type\":\"ListItem\",\"position\":2,\"name\":\"Shop\",\"item\":\"https:\/\/unikaparfums.com\/shop\/\"},{\"@type\":\"ListItem\",\"position\":3,\"name\":\"Oud Osmanthus\"}]},{\"@type\":\"WebSite\",\"@id\":\"https:\/\/unikaparfums.com\/#website\",\"url\":\"https:\/\/unikaparfums.com\/\",\"name\":\"Unika parfums\",\"description\":\"Le parfum est une \u00e9motion\",\"publisher\":{\"@id\":\"https:\/\/unikaparfums.com\/#organization\"},\"potentialAction\":[{\"@type\":\"SearchAction\",\"target\":{\"@type\":\"EntryPoint\",\"urlTemplate\":\"https:\/\/unikaparfums.com\/?s={search_term_string}\"},\"query-input\":{\"@type\":\"PropertyValueSpecification\",\"valueRequired\":true,\"valueName\":\"search_term_string\"}}],\"inLanguage\":\"en-US\"},{\"@type\":\"Organization\",\"@id\":\"https:\/\/unikaparfums.com\/#organization\",\"name\":\"Perfumista\",\"url\":\"https:\/\/unikaparfums.com\/\",\"logo\":{\"@type\":\"ImageObject\",\"inLanguage\":\"en-US\",\"@id\":\"https:\/\/unikaparfums.com\/#\/schema\/logo\/image\/\",\"url\":\"https:\/\/unikaparfums.com\/wp-content\/uploads\/2023\/09\/favicon.png\",\"contentUrl\":\"https:\/\/unikaparfums.com\/wp-content\/uploads\/2023\/09\/favicon.png\",\"width\":960,\"height\":960,\"caption\":\"Perfumista\"},\"image\":{\"@id\":\"https:\/\/unikaparfums.com\/#\/schema\/logo\/image\/\"}}]}<\/script>\n<!-- \/ Yoast SEO plugin. -->","yoast_head_json":{"title":"Oud Osmanthus - Unika parfums","robots":{"index":"index","follow":"follow","max-snippet":"max-snippet:-1","max-image-preview":"max-image-preview:large","max-video-preview":"max-video-preview:-1"},"canonical":"https:\/\/unikaparfums.com\/en\/product\/oud-osmanthus\/","og_locale":"en_US","og_type":"article","og_title":"Oud Osmanthus - Unika parfums","og_description":"Eau de Parfum &nbsp;  V\u00e9ronique, passionn\u00e9e par l\u2019osmanthus, l\u2019a associ\u00e9 au oud pour cr\u00e9er un parfum oriental inattendu. Ses notes animales nous plongent en Tunisie, o\u00f9 cuir et soleil se m\u00ealent. L\u2019ar\u00f4me abricot-p\u00eache de l\u2019osmanthus donne au parfum ses nuances suaves, denses et velout\u00e9es. Ce parfum affiche des facettes sucr\u00e9es, miell\u00e9es, juteuses et douces. Le oud sous un nouveau jour.  &nbsp; Parfum unisexe, fabriqu\u00e9 en France","og_url":"https:\/\/unikaparfums.com\/en\/product\/oud-osmanthus\/","og_site_name":"Unika parfums","article_modified_time":"2026-04-08T08:05:08+00:00","og_image":[{"width":2560,"height":1707,"url":"https:\/\/unikaparfums.com\/wp-content\/uploads\/2025\/03\/Milophotographie-5-scaled.jpg","type":"image\/jpeg"}],"twitter_card":"summary_large_image","twitter_misc":{"Est. reading time":"1 minute"},"schema":{"@context":"https:\/\/schema.org","@graph":[{"@type":"WebPage","@id":"https:\/\/unikaparfums.com\/product\/oud-osmanthus\/","url":"https:\/\/unikaparfums.com\/product\/oud-osmanthus\/","name":"Oud Osmanthus - Unika parfums","isPartOf":{"@id":"https:\/\/unikaparfums.com\/#website"},"primaryImageOfPage":{"@id":"https:\/\/unikaparfums.com\/product\/oud-osmanthus\/#primaryimage"},"image":{"@id":"https:\/\/unikaparfums.com\/product\/oud-osmanthus\/#primaryimage"},"thumbnailUrl":"https:\/\/unikaparfums.com\/wp-content\/uploads\/2025\/03\/Milophotographie-5-scaled.jpg","datePublished":"2020-12-11T10:23:11+00:00","dateModified":"2026-04-08T08:05:08+00:00","breadcrumb":{"@id":"https:\/\/unikaparfums.com\/product\/oud-osmanthus\/#breadcrumb"},"inLanguage":"en-US","potentialAction":[{"@type":"ReadAction","target":["https:\/\/unikaparfums.com\/product\/oud-osmanthus\/"]}]},{"@type":"ImageObject","inLanguage":"en-US","@id":"https:\/\/unikaparfums.com\/product\/oud-osmanthus\/#primaryimage","url":"https:\/\/unikaparfums.com\/wp-content\/uploads\/2025\/03\/Milophotographie-5-scaled.jpg","contentUrl":"https:\/\/unikaparfums.com\/wp-content\/uploads\/2025\/03\/Milophotographie-5-scaled.jpg","width":2560,"height":1707},{"@type":"BreadcrumbList","@id":"https:\/\/unikaparfums.com\/product\/oud-osmanthus\/#breadcrumb","itemListElement":[{"@type":"ListItem","position":1,"name":"Accueil","item":"https:\/\/unikaparfums.com\/"},{"@type":"ListItem","position":2,"name":"Shop","item":"https:\/\/unikaparfums.com\/shop\/"},{"@type":"ListItem","position":3,"name":"Oud Osmanthus"}]},{"@type":"WebSite","@id":"https:\/\/unikaparfums.com\/#website","url":"https:\/\/unikaparfums.com\/","name":"Unika parfums","description":"Perfume is an emotion","publisher":{"@id":"https:\/\/unikaparfums.com\/#organization"},"potentialAction":[{"@type":"SearchAction","target":{"@type":"EntryPoint","urlTemplate":"https:\/\/unikaparfums.com\/?s={search_term_string}"},"query-input":{"@type":"PropertyValueSpecification","valueRequired":true,"valueName":"search_term_string"}}],"inLanguage":"en-US"},{"@type":"Organization","@id":"https:\/\/unikaparfums.com\/#organization","name":"Perfumista","url":"https:\/\/unikaparfums.com\/","logo":{"@type":"ImageObject","inLanguage":"en-US","@id":"https:\/\/unikaparfums.com\/#\/schema\/logo\/image\/","url":"https:\/\/unikaparfums.com\/wp-content\/uploads\/2023\/09\/favicon.png","contentUrl":"https:\/\/unikaparfums.com\/wp-content\/uploads\/2023\/09\/favicon.png","width":960,"height":960,"caption":"Perfumista"},"image":{"@id":"https:\/\/unikaparfums.com\/#\/schema\/logo\/image\/"}}]}},"jetpack_sharing_enabled":true,"_links":{"self":[{"href":"https:\/\/unikaparfums.com\/en\/wp-json\/wp\/v2\/product\/2136","targetHints":{"allow":["GET"]}}],"collection":[{"href":"https:\/\/unikaparfums.com\/en\/wp-json\/wp\/v2\/product"}],"about":[{"href":"https:\/\/unikaparfums.com\/en\/wp-json\/wp\/v2\/types\/product"}],"version-history":[{"count":18,"href":"https:\/\/unikaparfums.com\/en\/wp-json\/wp\/v2\/product\/2136\/revisions"}],"predecessor-version":[{"id":4059,"href":"https:\/\/unikaparfums.com\/en\/wp-json\/wp\/v2\/product\/2136\/revisions\/4059"}],"wp:featuredmedia":[{"embeddable":true,"href":"https:\/\/unikaparfums.com\/en\/wp-json\/wp\/v2\/media\/3384"}],"wp:attachment":[{"href":"https:\/\/unikaparfums.com\/en\/wp-json\/wp\/v2\/media?parent=2136"}],"wp:term":[{"taxonomy":"product_brand","embeddable":true,"href":"https:\/\/unikaparfums.com\/en\/wp-json\/wp\/v2\/product_brand?post=2136"},{"taxonomy":"product_cat","embeddable":true,"href":"https:\/\/unikaparfums.com\/en\/wp-json\/wp\/v2\/product_cat?post=2136"},{"taxonomy":"product_tag","embeddable":true,"href":"https:\/\/unikaparfums.com\/en\/wp-json\/wp\/v2\/product_tag?post=2136"}],"curies":[{"name":"wp","href":"https:\/\/api.w.org\/{rel}","templated":true}]}}