{"id":2133,"date":"2020-12-15T10:22:30","date_gmt":"2020-12-15T10:22:30","guid":{"rendered":"https:\/\/perfumista.fr\/?post_type=product&#038;p=2133"},"modified":"2025-07-09T12:16:41","modified_gmt":"2025-07-09T10:16:41","slug":"3-poivres","status":"publish","type":"product","link":"https:\/\/unikaparfums.com\/en\/product\/3-poivres\/","title":{"rendered":"3 Poivres"},"content":{"rendered":"","protected":false},"excerpt":{"rendered":"<p style=\"text-align: center;\"><strong>Eau de Parfum<\/strong><\/p>\n<p>V\u00e9ronique discovered Sichuan pepper, a fascinating berry with woody and citrusy facets reminiscent of grapefruit. Belonging to the citrus family, this pepper reveals a powerful and warm character, blending freshness and depth. Paired with Madagascar pepper and pink peppercorn, it creates a vibrant and sophisticated citrus accord, inviting you on a unique sensory journey.\nA fragrance in perfect harmony.<br \/>\n<span style=\"color:#000\">Un parfum tout en harmonie.<\/span><\/p>\n<p style=\"text-align: center;\"><strong>Unisex perfume, made in France<br \/>\n<\/strong><\/p>","protected":false},"featured_media":3357,"template":"","meta":[],"product_brand":[],"product_cat":[15],"product_tag":[],"class_list":{"0":"post-2133","1":"product","2":"type-product","3":"status-publish","4":"has-post-thumbnail","6":"product_cat-parfums","8":"first","9":"instock","10":"featured","11":"taxable","12":"shipping-taxable","13":"purchasable","14":"product-type-variable","15":"has-default-attributes"},"yoast_head":"<!-- This site is optimized with the Yoast SEO plugin v26.8 - https:\/\/yoast.com\/product\/yoast-seo-wordpress\/ -->\n<title>3 Poivres - Unika parfums<\/title>\n<meta name=\"robots\" content=\"index, follow, max-snippet:-1, max-image-preview:large, max-video-preview:-1\" \/>\n<link rel=\"canonical\" href=\"https:\/\/unikaparfums.com\/en\/product\/3-poivres\/\" \/>\n<meta property=\"og:locale\" content=\"en_US\" \/>\n<meta property=\"og:type\" content=\"article\" \/>\n<meta property=\"og:title\" content=\"3 Poivres - Unika parfums\" \/>\n<meta property=\"og:description\" content=\"Eau de Parfum V\u00e9ronique a d\u00e9couvert le poivre Sichuan, une baie fascinante aux facettes bois\u00e9es et citronn\u00e9es rappelant le pamplemousse. Issu de la famille des agrumes, ce poivre d\u00e9voile un caract\u00e8re puissant et chaleureux, m\u00ealant fra\u00eecheur et profondeur. Associ\u00e9 au poivre de Madagascar et \u00e0 la baie rose, il compose un hesp\u00e9rid\u00e9 vibrant et sophistiqu\u00e9, invitant \u00e0 un voyage sensoriel unique. Un parfum tout en harmonie. Parfum unisexe, fabriqu\u00e9 en France\" \/>\n<meta property=\"og:url\" content=\"https:\/\/unikaparfums.com\/en\/product\/3-poivres\/\" \/>\n<meta property=\"og:site_name\" content=\"Unika parfums\" \/>\n<meta property=\"article:modified_time\" content=\"2025-07-09T10:16:41+00:00\" \/>\n<meta property=\"og:image\" content=\"https:\/\/unikaparfums.com\/wp-content\/uploads\/2020\/12\/Milophotographie-3-scaled.webp\" \/>\n\t<meta property=\"og:image:width\" content=\"2560\" \/>\n\t<meta property=\"og:image:height\" content=\"1707\" \/>\n\t<meta property=\"og:image:type\" content=\"image\/webp\" \/>\n<meta name=\"twitter:card\" content=\"summary_large_image\" \/>\n<meta name=\"twitter:label1\" content=\"Est. reading time\" \/>\n\t<meta name=\"twitter:data1\" content=\"1 minute\" \/>\n<script type=\"application\/ld+json\" class=\"yoast-schema-graph\">{\"@context\":\"https:\/\/schema.org\",\"@graph\":[{\"@type\":\"WebPage\",\"@id\":\"https:\/\/unikaparfums.com\/product\/3-poivres\/\",\"url\":\"https:\/\/unikaparfums.com\/product\/3-poivres\/\",\"name\":\"3 Poivres - Unika parfums\",\"isPartOf\":{\"@id\":\"https:\/\/unikaparfums.com\/#website\"},\"primaryImageOfPage\":{\"@id\":\"https:\/\/unikaparfums.com\/product\/3-poivres\/#primaryimage\"},\"image\":{\"@id\":\"https:\/\/unikaparfums.com\/product\/3-poivres\/#primaryimage\"},\"thumbnailUrl\":\"https:\/\/unikaparfums.com\/wp-content\/uploads\/2020\/12\/Milophotographie-3-scaled.webp\",\"datePublished\":\"2020-12-15T10:22:30+00:00\",\"dateModified\":\"2025-07-09T10:16:41+00:00\",\"breadcrumb\":{\"@id\":\"https:\/\/unikaparfums.com\/product\/3-poivres\/#breadcrumb\"},\"inLanguage\":\"en-US\",\"potentialAction\":[{\"@type\":\"ReadAction\",\"target\":[\"https:\/\/unikaparfums.com\/product\/3-poivres\/\"]}]},{\"@type\":\"ImageObject\",\"inLanguage\":\"en-US\",\"@id\":\"https:\/\/unikaparfums.com\/product\/3-poivres\/#primaryimage\",\"url\":\"https:\/\/unikaparfums.com\/wp-content\/uploads\/2020\/12\/Milophotographie-3-scaled.webp\",\"contentUrl\":\"https:\/\/unikaparfums.com\/wp-content\/uploads\/2020\/12\/Milophotographie-3-scaled.webp\",\"width\":2560,\"height\":1707},{\"@type\":\"BreadcrumbList\",\"@id\":\"https:\/\/unikaparfums.com\/product\/3-poivres\/#breadcrumb\",\"itemListElement\":[{\"@type\":\"ListItem\",\"position\":1,\"name\":\"Accueil\",\"item\":\"https:\/\/unikaparfums.com\/\"},{\"@type\":\"ListItem\",\"position\":2,\"name\":\"Shop\",\"item\":\"https:\/\/unikaparfums.com\/shop\/\"},{\"@type\":\"ListItem\",\"position\":3,\"name\":\"3 Poivres\"}]},{\"@type\":\"WebSite\",\"@id\":\"https:\/\/unikaparfums.com\/#website\",\"url\":\"https:\/\/unikaparfums.com\/\",\"name\":\"Unika parfums\",\"description\":\"Le parfum est une \u00e9motion\",\"publisher\":{\"@id\":\"https:\/\/unikaparfums.com\/#organization\"},\"potentialAction\":[{\"@type\":\"SearchAction\",\"target\":{\"@type\":\"EntryPoint\",\"urlTemplate\":\"https:\/\/unikaparfums.com\/?s={search_term_string}\"},\"query-input\":{\"@type\":\"PropertyValueSpecification\",\"valueRequired\":true,\"valueName\":\"search_term_string\"}}],\"inLanguage\":\"en-US\"},{\"@type\":\"Organization\",\"@id\":\"https:\/\/unikaparfums.com\/#organization\",\"name\":\"Perfumista\",\"url\":\"https:\/\/unikaparfums.com\/\",\"logo\":{\"@type\":\"ImageObject\",\"inLanguage\":\"en-US\",\"@id\":\"https:\/\/unikaparfums.com\/#\/schema\/logo\/image\/\",\"url\":\"https:\/\/unikaparfums.com\/wp-content\/uploads\/2023\/09\/favicon.png\",\"contentUrl\":\"https:\/\/unikaparfums.com\/wp-content\/uploads\/2023\/09\/favicon.png\",\"width\":960,\"height\":960,\"caption\":\"Perfumista\"},\"image\":{\"@id\":\"https:\/\/unikaparfums.com\/#\/schema\/logo\/image\/\"}}]}<\/script>\n<!-- \/ Yoast SEO plugin. -->","yoast_head_json":{"title":"3 Poivres - Unika parfums","robots":{"index":"index","follow":"follow","max-snippet":"max-snippet:-1","max-image-preview":"max-image-preview:large","max-video-preview":"max-video-preview:-1"},"canonical":"https:\/\/unikaparfums.com\/en\/product\/3-poivres\/","og_locale":"en_US","og_type":"article","og_title":"3 Poivres - Unika parfums","og_description":"Eau de Parfum V\u00e9ronique a d\u00e9couvert le poivre Sichuan, une baie fascinante aux facettes bois\u00e9es et citronn\u00e9es rappelant le pamplemousse. Issu de la famille des agrumes, ce poivre d\u00e9voile un caract\u00e8re puissant et chaleureux, m\u00ealant fra\u00eecheur et profondeur. Associ\u00e9 au poivre de Madagascar et \u00e0 la baie rose, il compose un hesp\u00e9rid\u00e9 vibrant et sophistiqu\u00e9, invitant \u00e0 un voyage sensoriel unique. Un parfum tout en harmonie. Parfum unisexe, fabriqu\u00e9 en France","og_url":"https:\/\/unikaparfums.com\/en\/product\/3-poivres\/","og_site_name":"Unika parfums","article_modified_time":"2025-07-09T10:16:41+00:00","og_image":[{"width":2560,"height":1707,"url":"https:\/\/unikaparfums.com\/wp-content\/uploads\/2020\/12\/Milophotographie-3-scaled.webp","type":"image\/webp"}],"twitter_card":"summary_large_image","twitter_misc":{"Est. reading time":"1 minute"},"schema":{"@context":"https:\/\/schema.org","@graph":[{"@type":"WebPage","@id":"https:\/\/unikaparfums.com\/product\/3-poivres\/","url":"https:\/\/unikaparfums.com\/product\/3-poivres\/","name":"3 Poivres - Unika parfums","isPartOf":{"@id":"https:\/\/unikaparfums.com\/#website"},"primaryImageOfPage":{"@id":"https:\/\/unikaparfums.com\/product\/3-poivres\/#primaryimage"},"image":{"@id":"https:\/\/unikaparfums.com\/product\/3-poivres\/#primaryimage"},"thumbnailUrl":"https:\/\/unikaparfums.com\/wp-content\/uploads\/2020\/12\/Milophotographie-3-scaled.webp","datePublished":"2020-12-15T10:22:30+00:00","dateModified":"2025-07-09T10:16:41+00:00","breadcrumb":{"@id":"https:\/\/unikaparfums.com\/product\/3-poivres\/#breadcrumb"},"inLanguage":"en-US","potentialAction":[{"@type":"ReadAction","target":["https:\/\/unikaparfums.com\/product\/3-poivres\/"]}]},{"@type":"ImageObject","inLanguage":"en-US","@id":"https:\/\/unikaparfums.com\/product\/3-poivres\/#primaryimage","url":"https:\/\/unikaparfums.com\/wp-content\/uploads\/2020\/12\/Milophotographie-3-scaled.webp","contentUrl":"https:\/\/unikaparfums.com\/wp-content\/uploads\/2020\/12\/Milophotographie-3-scaled.webp","width":2560,"height":1707},{"@type":"BreadcrumbList","@id":"https:\/\/unikaparfums.com\/product\/3-poivres\/#breadcrumb","itemListElement":[{"@type":"ListItem","position":1,"name":"Accueil","item":"https:\/\/unikaparfums.com\/"},{"@type":"ListItem","position":2,"name":"Shop","item":"https:\/\/unikaparfums.com\/shop\/"},{"@type":"ListItem","position":3,"name":"3 Poivres"}]},{"@type":"WebSite","@id":"https:\/\/unikaparfums.com\/#website","url":"https:\/\/unikaparfums.com\/","name":"Unika parfums","description":"Perfume is an emotion","publisher":{"@id":"https:\/\/unikaparfums.com\/#organization"},"potentialAction":[{"@type":"SearchAction","target":{"@type":"EntryPoint","urlTemplate":"https:\/\/unikaparfums.com\/?s={search_term_string}"},"query-input":{"@type":"PropertyValueSpecification","valueRequired":true,"valueName":"search_term_string"}}],"inLanguage":"en-US"},{"@type":"Organization","@id":"https:\/\/unikaparfums.com\/#organization","name":"Perfumista","url":"https:\/\/unikaparfums.com\/","logo":{"@type":"ImageObject","inLanguage":"en-US","@id":"https:\/\/unikaparfums.com\/#\/schema\/logo\/image\/","url":"https:\/\/unikaparfums.com\/wp-content\/uploads\/2023\/09\/favicon.png","contentUrl":"https:\/\/unikaparfums.com\/wp-content\/uploads\/2023\/09\/favicon.png","width":960,"height":960,"caption":"Perfumista"},"image":{"@id":"https:\/\/unikaparfums.com\/#\/schema\/logo\/image\/"}}]}},"jetpack_sharing_enabled":true,"_links":{"self":[{"href":"https:\/\/unikaparfums.com\/en\/wp-json\/wp\/v2\/product\/2133","targetHints":{"allow":["GET"]}}],"collection":[{"href":"https:\/\/unikaparfums.com\/en\/wp-json\/wp\/v2\/product"}],"about":[{"href":"https:\/\/unikaparfums.com\/en\/wp-json\/wp\/v2\/types\/product"}],"version-history":[{"count":19,"href":"https:\/\/unikaparfums.com\/en\/wp-json\/wp\/v2\/product\/2133\/revisions"}],"predecessor-version":[{"id":3360,"href":"https:\/\/unikaparfums.com\/en\/wp-json\/wp\/v2\/product\/2133\/revisions\/3360"}],"wp:featuredmedia":[{"embeddable":true,"href":"https:\/\/unikaparfums.com\/en\/wp-json\/wp\/v2\/media\/3357"}],"wp:attachment":[{"href":"https:\/\/unikaparfums.com\/en\/wp-json\/wp\/v2\/media?parent=2133"}],"wp:term":[{"taxonomy":"product_brand","embeddable":true,"href":"https:\/\/unikaparfums.com\/en\/wp-json\/wp\/v2\/product_brand?post=2133"},{"taxonomy":"product_cat","embeddable":true,"href":"https:\/\/unikaparfums.com\/en\/wp-json\/wp\/v2\/product_cat?post=2133"},{"taxonomy":"product_tag","embeddable":true,"href":"https:\/\/unikaparfums.com\/en\/wp-json\/wp\/v2\/product_tag?post=2133"}],"curies":[{"name":"wp","href":"https:\/\/api.w.org\/{rel}","templated":true}]}}