{"id":2130,"date":"2020-12-10T10:21:29","date_gmt":"2020-12-10T10:21:29","guid":{"rendered":"https:\/\/perfumista.fr\/?post_type=product&#038;p=2130"},"modified":"2025-07-09T12:17:09","modified_gmt":"2025-07-09T10:17:09","slug":"cedrat-myrte-immortelle","status":"publish","type":"product","link":"https:\/\/unikaparfums.com\/en\/product\/cedrat-myrte-immortelle\/","title":{"rendered":"C\u00e9drat Myrte Immortelle"},"content":{"rendered":"","protected":false},"excerpt":{"rendered":"<p style=\"text-align: center;\"><strong>Eau de Parfum<\/strong><\/p>\n<p>&nbsp;<\/p>\n<p>When the air is filled with thyme, myrtle, and wild celery, you've arrived in Figari, Corsica! This sparkling woody fragrance opens with zesty citron notes, setting the stage for a vibrant citrus burst. Immortelle adds a spicy and warm touch, while aromatic and subtly fruity facets create a sense of freshness and deep well-being.<br \/>\nA true escape to the Isle of Beauty.<\/p>\n<p>&nbsp;<\/p>\n<p style=\"text-align: center;\"><strong>Unisex perfume, made in France<\/strong><\/p>","protected":false},"featured_media":3382,"template":"","meta":[],"product_brand":[],"product_cat":[15],"product_tag":[],"class_list":{"0":"post-2130","1":"product","2":"type-product","3":"status-publish","4":"has-post-thumbnail","6":"product_cat-parfums","8":"first","9":"instock","10":"featured","11":"taxable","12":"shipping-taxable","13":"purchasable","14":"product-type-variable","15":"has-default-attributes"},"yoast_head":"<!-- This site is optimized with the Yoast SEO plugin v26.8 - https:\/\/yoast.com\/product\/yoast-seo-wordpress\/ -->\n<title>C\u00e9drat Myrte Immortelle - Unika parfums<\/title>\n<meta name=\"robots\" content=\"index, follow, max-snippet:-1, max-image-preview:large, max-video-preview:-1\" \/>\n<link rel=\"canonical\" href=\"https:\/\/unikaparfums.com\/en\/product\/cedrat-myrte-immortelle\/\" \/>\n<meta property=\"og:locale\" content=\"en_US\" \/>\n<meta property=\"og:type\" content=\"article\" \/>\n<meta property=\"og:title\" content=\"C\u00e9drat Myrte Immortelle - Unika parfums\" \/>\n<meta property=\"og:description\" content=\"Eau de Parfum &nbsp;  Quand l\u2019air s\u2019impr\u00e8gne de thym, de myrte et de c\u00e9leri sauvage, vous \u00eates arriv\u00e9s \u00e0 Figari, en Corse ! Ce bois\u00e9 p\u00e9tillant s\u2019ouvre sur des notes hesp\u00e9rid\u00e9s, port\u00e9es par le c\u00e9drat zest\u00e9. L\u2019immortelle apporte une touche \u00e9pic\u00e9e et chaleureuse, tandis que des facettes aromatiques et l\u00e9g\u00e8rement fruit\u00e9es cr\u00e9ent une sensation de fraicheur et de bien-\u00eatre profonde. Une v\u00e9ritable escapade sur l\u2019ile de beaut\u00e9.  &nbsp; Parfum unisexe, fabriqu\u00e9 en France\" \/>\n<meta property=\"og:url\" content=\"https:\/\/unikaparfums.com\/en\/product\/cedrat-myrte-immortelle\/\" \/>\n<meta property=\"og:site_name\" content=\"Unika parfums\" \/>\n<meta property=\"article:modified_time\" content=\"2025-07-09T10:17:09+00:00\" \/>\n<meta property=\"og:image\" content=\"https:\/\/unikaparfums.com\/wp-content\/uploads\/2025\/03\/Milophotographie-4-scaled.jpg\" \/>\n\t<meta property=\"og:image:width\" content=\"2560\" \/>\n\t<meta property=\"og:image:height\" content=\"1707\" \/>\n\t<meta property=\"og:image:type\" content=\"image\/jpeg\" \/>\n<meta name=\"twitter:card\" content=\"summary_large_image\" \/>\n<meta name=\"twitter:label1\" content=\"Est. reading time\" \/>\n\t<meta name=\"twitter:data1\" content=\"1 minute\" \/>\n<script type=\"application\/ld+json\" class=\"yoast-schema-graph\">{\"@context\":\"https:\/\/schema.org\",\"@graph\":[{\"@type\":\"WebPage\",\"@id\":\"https:\/\/unikaparfums.com\/product\/cedrat-myrte-immortelle\/\",\"url\":\"https:\/\/unikaparfums.com\/product\/cedrat-myrte-immortelle\/\",\"name\":\"C\u00e9drat Myrte Immortelle - Unika parfums\",\"isPartOf\":{\"@id\":\"https:\/\/unikaparfums.com\/#website\"},\"primaryImageOfPage\":{\"@id\":\"https:\/\/unikaparfums.com\/product\/cedrat-myrte-immortelle\/#primaryimage\"},\"image\":{\"@id\":\"https:\/\/unikaparfums.com\/product\/cedrat-myrte-immortelle\/#primaryimage\"},\"thumbnailUrl\":\"https:\/\/unikaparfums.com\/wp-content\/uploads\/2025\/03\/Milophotographie-4-scaled.jpg\",\"datePublished\":\"2020-12-10T10:21:29+00:00\",\"dateModified\":\"2025-07-09T10:17:09+00:00\",\"breadcrumb\":{\"@id\":\"https:\/\/unikaparfums.com\/product\/cedrat-myrte-immortelle\/#breadcrumb\"},\"inLanguage\":\"en-US\",\"potentialAction\":[{\"@type\":\"ReadAction\",\"target\":[\"https:\/\/unikaparfums.com\/product\/cedrat-myrte-immortelle\/\"]}]},{\"@type\":\"ImageObject\",\"inLanguage\":\"en-US\",\"@id\":\"https:\/\/unikaparfums.com\/product\/cedrat-myrte-immortelle\/#primaryimage\",\"url\":\"https:\/\/unikaparfums.com\/wp-content\/uploads\/2025\/03\/Milophotographie-4-scaled.jpg\",\"contentUrl\":\"https:\/\/unikaparfums.com\/wp-content\/uploads\/2025\/03\/Milophotographie-4-scaled.jpg\",\"width\":2560,\"height\":1707},{\"@type\":\"BreadcrumbList\",\"@id\":\"https:\/\/unikaparfums.com\/product\/cedrat-myrte-immortelle\/#breadcrumb\",\"itemListElement\":[{\"@type\":\"ListItem\",\"position\":1,\"name\":\"Accueil\",\"item\":\"https:\/\/unikaparfums.com\/\"},{\"@type\":\"ListItem\",\"position\":2,\"name\":\"Shop\",\"item\":\"https:\/\/unikaparfums.com\/shop\/\"},{\"@type\":\"ListItem\",\"position\":3,\"name\":\"C\u00e9drat Myrte Immortelle\"}]},{\"@type\":\"WebSite\",\"@id\":\"https:\/\/unikaparfums.com\/#website\",\"url\":\"https:\/\/unikaparfums.com\/\",\"name\":\"Unika parfums\",\"description\":\"Le parfum est une \u00e9motion\",\"publisher\":{\"@id\":\"https:\/\/unikaparfums.com\/#organization\"},\"potentialAction\":[{\"@type\":\"SearchAction\",\"target\":{\"@type\":\"EntryPoint\",\"urlTemplate\":\"https:\/\/unikaparfums.com\/?s={search_term_string}\"},\"query-input\":{\"@type\":\"PropertyValueSpecification\",\"valueRequired\":true,\"valueName\":\"search_term_string\"}}],\"inLanguage\":\"en-US\"},{\"@type\":\"Organization\",\"@id\":\"https:\/\/unikaparfums.com\/#organization\",\"name\":\"Perfumista\",\"url\":\"https:\/\/unikaparfums.com\/\",\"logo\":{\"@type\":\"ImageObject\",\"inLanguage\":\"en-US\",\"@id\":\"https:\/\/unikaparfums.com\/#\/schema\/logo\/image\/\",\"url\":\"https:\/\/unikaparfums.com\/wp-content\/uploads\/2023\/09\/favicon.png\",\"contentUrl\":\"https:\/\/unikaparfums.com\/wp-content\/uploads\/2023\/09\/favicon.png\",\"width\":960,\"height\":960,\"caption\":\"Perfumista\"},\"image\":{\"@id\":\"https:\/\/unikaparfums.com\/#\/schema\/logo\/image\/\"}}]}<\/script>\n<!-- \/ Yoast SEO plugin. -->","yoast_head_json":{"title":"C\u00e9drat Myrte Immortelle - Unika parfums","robots":{"index":"index","follow":"follow","max-snippet":"max-snippet:-1","max-image-preview":"max-image-preview:large","max-video-preview":"max-video-preview:-1"},"canonical":"https:\/\/unikaparfums.com\/en\/product\/cedrat-myrte-immortelle\/","og_locale":"en_US","og_type":"article","og_title":"C\u00e9drat Myrte Immortelle - Unika parfums","og_description":"Eau de Parfum &nbsp;  Quand l\u2019air s\u2019impr\u00e8gne de thym, de myrte et de c\u00e9leri sauvage, vous \u00eates arriv\u00e9s \u00e0 Figari, en Corse ! Ce bois\u00e9 p\u00e9tillant s\u2019ouvre sur des notes hesp\u00e9rid\u00e9s, port\u00e9es par le c\u00e9drat zest\u00e9. L\u2019immortelle apporte une touche \u00e9pic\u00e9e et chaleureuse, tandis que des facettes aromatiques et l\u00e9g\u00e8rement fruit\u00e9es cr\u00e9ent une sensation de fraicheur et de bien-\u00eatre profonde. Une v\u00e9ritable escapade sur l\u2019ile de beaut\u00e9.  &nbsp; Parfum unisexe, fabriqu\u00e9 en France","og_url":"https:\/\/unikaparfums.com\/en\/product\/cedrat-myrte-immortelle\/","og_site_name":"Unika parfums","article_modified_time":"2025-07-09T10:17:09+00:00","og_image":[{"width":2560,"height":1707,"url":"https:\/\/unikaparfums.com\/wp-content\/uploads\/2025\/03\/Milophotographie-4-scaled.jpg","type":"image\/jpeg"}],"twitter_card":"summary_large_image","twitter_misc":{"Est. reading time":"1 minute"},"schema":{"@context":"https:\/\/schema.org","@graph":[{"@type":"WebPage","@id":"https:\/\/unikaparfums.com\/product\/cedrat-myrte-immortelle\/","url":"https:\/\/unikaparfums.com\/product\/cedrat-myrte-immortelle\/","name":"C\u00e9drat Myrte Immortelle - Unika parfums","isPartOf":{"@id":"https:\/\/unikaparfums.com\/#website"},"primaryImageOfPage":{"@id":"https:\/\/unikaparfums.com\/product\/cedrat-myrte-immortelle\/#primaryimage"},"image":{"@id":"https:\/\/unikaparfums.com\/product\/cedrat-myrte-immortelle\/#primaryimage"},"thumbnailUrl":"https:\/\/unikaparfums.com\/wp-content\/uploads\/2025\/03\/Milophotographie-4-scaled.jpg","datePublished":"2020-12-10T10:21:29+00:00","dateModified":"2025-07-09T10:17:09+00:00","breadcrumb":{"@id":"https:\/\/unikaparfums.com\/product\/cedrat-myrte-immortelle\/#breadcrumb"},"inLanguage":"en-US","potentialAction":[{"@type":"ReadAction","target":["https:\/\/unikaparfums.com\/product\/cedrat-myrte-immortelle\/"]}]},{"@type":"ImageObject","inLanguage":"en-US","@id":"https:\/\/unikaparfums.com\/product\/cedrat-myrte-immortelle\/#primaryimage","url":"https:\/\/unikaparfums.com\/wp-content\/uploads\/2025\/03\/Milophotographie-4-scaled.jpg","contentUrl":"https:\/\/unikaparfums.com\/wp-content\/uploads\/2025\/03\/Milophotographie-4-scaled.jpg","width":2560,"height":1707},{"@type":"BreadcrumbList","@id":"https:\/\/unikaparfums.com\/product\/cedrat-myrte-immortelle\/#breadcrumb","itemListElement":[{"@type":"ListItem","position":1,"name":"Accueil","item":"https:\/\/unikaparfums.com\/"},{"@type":"ListItem","position":2,"name":"Shop","item":"https:\/\/unikaparfums.com\/shop\/"},{"@type":"ListItem","position":3,"name":"C\u00e9drat Myrte Immortelle"}]},{"@type":"WebSite","@id":"https:\/\/unikaparfums.com\/#website","url":"https:\/\/unikaparfums.com\/","name":"Unika parfums","description":"Perfume is an emotion","publisher":{"@id":"https:\/\/unikaparfums.com\/#organization"},"potentialAction":[{"@type":"SearchAction","target":{"@type":"EntryPoint","urlTemplate":"https:\/\/unikaparfums.com\/?s={search_term_string}"},"query-input":{"@type":"PropertyValueSpecification","valueRequired":true,"valueName":"search_term_string"}}],"inLanguage":"en-US"},{"@type":"Organization","@id":"https:\/\/unikaparfums.com\/#organization","name":"Perfumista","url":"https:\/\/unikaparfums.com\/","logo":{"@type":"ImageObject","inLanguage":"en-US","@id":"https:\/\/unikaparfums.com\/#\/schema\/logo\/image\/","url":"https:\/\/unikaparfums.com\/wp-content\/uploads\/2023\/09\/favicon.png","contentUrl":"https:\/\/unikaparfums.com\/wp-content\/uploads\/2023\/09\/favicon.png","width":960,"height":960,"caption":"Perfumista"},"image":{"@id":"https:\/\/unikaparfums.com\/#\/schema\/logo\/image\/"}}]}},"jetpack_sharing_enabled":true,"_links":{"self":[{"href":"https:\/\/unikaparfums.com\/en\/wp-json\/wp\/v2\/product\/2130","targetHints":{"allow":["GET"]}}],"collection":[{"href":"https:\/\/unikaparfums.com\/en\/wp-json\/wp\/v2\/product"}],"about":[{"href":"https:\/\/unikaparfums.com\/en\/wp-json\/wp\/v2\/types\/product"}],"version-history":[{"count":18,"href":"https:\/\/unikaparfums.com\/en\/wp-json\/wp\/v2\/product\/2130\/revisions"}],"predecessor-version":[{"id":3418,"href":"https:\/\/unikaparfums.com\/en\/wp-json\/wp\/v2\/product\/2130\/revisions\/3418"}],"wp:featuredmedia":[{"embeddable":true,"href":"https:\/\/unikaparfums.com\/en\/wp-json\/wp\/v2\/media\/3382"}],"wp:attachment":[{"href":"https:\/\/unikaparfums.com\/en\/wp-json\/wp\/v2\/media?parent=2130"}],"wp:term":[{"taxonomy":"product_brand","embeddable":true,"href":"https:\/\/unikaparfums.com\/en\/wp-json\/wp\/v2\/product_brand?post=2130"},{"taxonomy":"product_cat","embeddable":true,"href":"https:\/\/unikaparfums.com\/en\/wp-json\/wp\/v2\/product_cat?post=2130"},{"taxonomy":"product_tag","embeddable":true,"href":"https:\/\/unikaparfums.com\/en\/wp-json\/wp\/v2\/product_tag?post=2130"}],"curies":[{"name":"wp","href":"https:\/\/api.w.org\/{rel}","templated":true}]}}