{"id":2127,"date":"2020-12-12T10:21:10","date_gmt":"2020-12-12T10:21:10","guid":{"rendered":"https:\/\/perfumista.fr\/?post_type=product&#038;p=2127"},"modified":"2025-07-09T12:16:55","modified_gmt":"2025-07-09T10:16:55","slug":"feve-tonka-sesame","status":"publish","type":"product","link":"https:\/\/unikaparfums.com\/en\/product\/feve-tonka-sesame\/","title":{"rendered":"F\u00e8ve Tonka S\u00e9same"},"content":{"rendered":"","protected":false},"excerpt":{"rendered":"<p style=\"text-align: center;\"><strong>Eau de Parfum<\/strong><\/p>\n<p>&nbsp;<\/p>\n<p>Like a tribute to the paternal scent, tender, warm, and enveloping. The soft roundness of tonka bean facets, combined with the leather note, gives this amber and dry woody fragrance the epicurean character it deserves. The transition between these two facets is carried by a hint of sesame, with hay-like, lightly toasted notes.<br \/>\nA sweet moment of happiness to share.<\/p>\n<p>&nbsp;<\/p>\n<p style=\"text-align: center;\"><strong>Unisex perfume, made in France<\/strong><\/p>","protected":false},"featured_media":3374,"template":"","meta":[],"product_brand":[],"product_cat":[15],"product_tag":[],"class_list":{"0":"post-2127","1":"product","2":"type-product","3":"status-publish","4":"has-post-thumbnail","6":"product_cat-parfums","8":"first","9":"instock","10":"featured","11":"taxable","12":"shipping-taxable","13":"purchasable","14":"product-type-variable","15":"has-default-attributes"},"yoast_head":"<!-- This site is optimized with the Yoast SEO plugin v26.8 - https:\/\/yoast.com\/product\/yoast-seo-wordpress\/ -->\n<title>F\u00e8ve Tonka S\u00e9same - Unika parfums<\/title>\n<meta name=\"robots\" content=\"index, follow, max-snippet:-1, max-image-preview:large, max-video-preview:-1\" \/>\n<link rel=\"canonical\" href=\"https:\/\/unikaparfums.com\/en\/product\/feve-tonka-sesame\/\" \/>\n<meta property=\"og:locale\" content=\"en_US\" \/>\n<meta property=\"og:type\" content=\"article\" \/>\n<meta property=\"og:title\" content=\"F\u00e8ve Tonka S\u00e9same - Unika parfums\" \/>\n<meta property=\"og:description\" content=\"Eau de Parfum &nbsp;  Comme un hommage \u00e0 l\u2019odeur paternelle, tendre, chaleureuse et enveloppante. La douce rondeur des facettes de la f\u00e8ve tonka alli\u00e9e \u00e0 la note de cuir donne \u00e0 ce bois\u00e9 ambr\u00e9 et sec le caract\u00e8re \u00e9picurien qui lui va bien. La transition entre ces deux facettes est port\u00e9e par une touche de s\u00e9same aux notes de foin, l\u00e9g\u00e8rement torr\u00e9fi\u00e9es. Un doux instant de bonheur \u00e0 partager.  &nbsp; Parfum unisexe, fabriqu\u00e9 en France\" \/>\n<meta property=\"og:url\" content=\"https:\/\/unikaparfums.com\/en\/product\/feve-tonka-sesame\/\" \/>\n<meta property=\"og:site_name\" content=\"Unika parfums\" \/>\n<meta property=\"article:modified_time\" content=\"2025-07-09T10:16:55+00:00\" \/>\n<meta property=\"og:image\" content=\"https:\/\/unikaparfums.com\/wp-content\/uploads\/2025\/03\/Milophotographie-1-scaled.webp\" \/>\n\t<meta property=\"og:image:width\" content=\"2560\" \/>\n\t<meta property=\"og:image:height\" content=\"1707\" \/>\n\t<meta property=\"og:image:type\" content=\"image\/webp\" \/>\n<meta name=\"twitter:card\" content=\"summary_large_image\" \/>\n<meta name=\"twitter:label1\" content=\"Est. reading time\" \/>\n\t<meta name=\"twitter:data1\" content=\"1 minute\" \/>\n<script type=\"application\/ld+json\" class=\"yoast-schema-graph\">{\"@context\":\"https:\/\/schema.org\",\"@graph\":[{\"@type\":\"WebPage\",\"@id\":\"https:\/\/unikaparfums.com\/product\/feve-tonka-sesame\/\",\"url\":\"https:\/\/unikaparfums.com\/product\/feve-tonka-sesame\/\",\"name\":\"F\u00e8ve Tonka S\u00e9same - Unika parfums\",\"isPartOf\":{\"@id\":\"https:\/\/unikaparfums.com\/#website\"},\"primaryImageOfPage\":{\"@id\":\"https:\/\/unikaparfums.com\/product\/feve-tonka-sesame\/#primaryimage\"},\"image\":{\"@id\":\"https:\/\/unikaparfums.com\/product\/feve-tonka-sesame\/#primaryimage\"},\"thumbnailUrl\":\"https:\/\/unikaparfums.com\/wp-content\/uploads\/2025\/03\/Milophotographie-1-scaled.webp\",\"datePublished\":\"2020-12-12T10:21:10+00:00\",\"dateModified\":\"2025-07-09T10:16:55+00:00\",\"breadcrumb\":{\"@id\":\"https:\/\/unikaparfums.com\/product\/feve-tonka-sesame\/#breadcrumb\"},\"inLanguage\":\"en-US\",\"potentialAction\":[{\"@type\":\"ReadAction\",\"target\":[\"https:\/\/unikaparfums.com\/product\/feve-tonka-sesame\/\"]}]},{\"@type\":\"ImageObject\",\"inLanguage\":\"en-US\",\"@id\":\"https:\/\/unikaparfums.com\/product\/feve-tonka-sesame\/#primaryimage\",\"url\":\"https:\/\/unikaparfums.com\/wp-content\/uploads\/2025\/03\/Milophotographie-1-scaled.webp\",\"contentUrl\":\"https:\/\/unikaparfums.com\/wp-content\/uploads\/2025\/03\/Milophotographie-1-scaled.webp\",\"width\":2560,\"height\":1707},{\"@type\":\"BreadcrumbList\",\"@id\":\"https:\/\/unikaparfums.com\/product\/feve-tonka-sesame\/#breadcrumb\",\"itemListElement\":[{\"@type\":\"ListItem\",\"position\":1,\"name\":\"Accueil\",\"item\":\"https:\/\/unikaparfums.com\/\"},{\"@type\":\"ListItem\",\"position\":2,\"name\":\"Shop\",\"item\":\"https:\/\/unikaparfums.com\/shop\/\"},{\"@type\":\"ListItem\",\"position\":3,\"name\":\"F\u00e8ve Tonka S\u00e9same\"}]},{\"@type\":\"WebSite\",\"@id\":\"https:\/\/unikaparfums.com\/#website\",\"url\":\"https:\/\/unikaparfums.com\/\",\"name\":\"Unika parfums\",\"description\":\"Le parfum est une \u00e9motion\",\"publisher\":{\"@id\":\"https:\/\/unikaparfums.com\/#organization\"},\"potentialAction\":[{\"@type\":\"SearchAction\",\"target\":{\"@type\":\"EntryPoint\",\"urlTemplate\":\"https:\/\/unikaparfums.com\/?s={search_term_string}\"},\"query-input\":{\"@type\":\"PropertyValueSpecification\",\"valueRequired\":true,\"valueName\":\"search_term_string\"}}],\"inLanguage\":\"en-US\"},{\"@type\":\"Organization\",\"@id\":\"https:\/\/unikaparfums.com\/#organization\",\"name\":\"Perfumista\",\"url\":\"https:\/\/unikaparfums.com\/\",\"logo\":{\"@type\":\"ImageObject\",\"inLanguage\":\"en-US\",\"@id\":\"https:\/\/unikaparfums.com\/#\/schema\/logo\/image\/\",\"url\":\"https:\/\/unikaparfums.com\/wp-content\/uploads\/2023\/09\/favicon.png\",\"contentUrl\":\"https:\/\/unikaparfums.com\/wp-content\/uploads\/2023\/09\/favicon.png\",\"width\":960,\"height\":960,\"caption\":\"Perfumista\"},\"image\":{\"@id\":\"https:\/\/unikaparfums.com\/#\/schema\/logo\/image\/\"}}]}<\/script>\n<!-- \/ Yoast SEO plugin. -->","yoast_head_json":{"title":"F\u00e8ve Tonka S\u00e9same - Unika parfums","robots":{"index":"index","follow":"follow","max-snippet":"max-snippet:-1","max-image-preview":"max-image-preview:large","max-video-preview":"max-video-preview:-1"},"canonical":"https:\/\/unikaparfums.com\/en\/product\/feve-tonka-sesame\/","og_locale":"en_US","og_type":"article","og_title":"F\u00e8ve Tonka S\u00e9same - Unika parfums","og_description":"Eau de Parfum &nbsp;  Comme un hommage \u00e0 l\u2019odeur paternelle, tendre, chaleureuse et enveloppante. La douce rondeur des facettes de la f\u00e8ve tonka alli\u00e9e \u00e0 la note de cuir donne \u00e0 ce bois\u00e9 ambr\u00e9 et sec le caract\u00e8re \u00e9picurien qui lui va bien. La transition entre ces deux facettes est port\u00e9e par une touche de s\u00e9same aux notes de foin, l\u00e9g\u00e8rement torr\u00e9fi\u00e9es. Un doux instant de bonheur \u00e0 partager.  &nbsp; Parfum unisexe, fabriqu\u00e9 en France","og_url":"https:\/\/unikaparfums.com\/en\/product\/feve-tonka-sesame\/","og_site_name":"Unika parfums","article_modified_time":"2025-07-09T10:16:55+00:00","og_image":[{"width":2560,"height":1707,"url":"https:\/\/unikaparfums.com\/wp-content\/uploads\/2025\/03\/Milophotographie-1-scaled.webp","type":"image\/webp"}],"twitter_card":"summary_large_image","twitter_misc":{"Est. reading time":"1 minute"},"schema":{"@context":"https:\/\/schema.org","@graph":[{"@type":"WebPage","@id":"https:\/\/unikaparfums.com\/product\/feve-tonka-sesame\/","url":"https:\/\/unikaparfums.com\/product\/feve-tonka-sesame\/","name":"F\u00e8ve Tonka S\u00e9same - Unika parfums","isPartOf":{"@id":"https:\/\/unikaparfums.com\/#website"},"primaryImageOfPage":{"@id":"https:\/\/unikaparfums.com\/product\/feve-tonka-sesame\/#primaryimage"},"image":{"@id":"https:\/\/unikaparfums.com\/product\/feve-tonka-sesame\/#primaryimage"},"thumbnailUrl":"https:\/\/unikaparfums.com\/wp-content\/uploads\/2025\/03\/Milophotographie-1-scaled.webp","datePublished":"2020-12-12T10:21:10+00:00","dateModified":"2025-07-09T10:16:55+00:00","breadcrumb":{"@id":"https:\/\/unikaparfums.com\/product\/feve-tonka-sesame\/#breadcrumb"},"inLanguage":"en-US","potentialAction":[{"@type":"ReadAction","target":["https:\/\/unikaparfums.com\/product\/feve-tonka-sesame\/"]}]},{"@type":"ImageObject","inLanguage":"en-US","@id":"https:\/\/unikaparfums.com\/product\/feve-tonka-sesame\/#primaryimage","url":"https:\/\/unikaparfums.com\/wp-content\/uploads\/2025\/03\/Milophotographie-1-scaled.webp","contentUrl":"https:\/\/unikaparfums.com\/wp-content\/uploads\/2025\/03\/Milophotographie-1-scaled.webp","width":2560,"height":1707},{"@type":"BreadcrumbList","@id":"https:\/\/unikaparfums.com\/product\/feve-tonka-sesame\/#breadcrumb","itemListElement":[{"@type":"ListItem","position":1,"name":"Accueil","item":"https:\/\/unikaparfums.com\/"},{"@type":"ListItem","position":2,"name":"Shop","item":"https:\/\/unikaparfums.com\/shop\/"},{"@type":"ListItem","position":3,"name":"F\u00e8ve Tonka S\u00e9same"}]},{"@type":"WebSite","@id":"https:\/\/unikaparfums.com\/#website","url":"https:\/\/unikaparfums.com\/","name":"Unika parfums","description":"Perfume is an emotion","publisher":{"@id":"https:\/\/unikaparfums.com\/#organization"},"potentialAction":[{"@type":"SearchAction","target":{"@type":"EntryPoint","urlTemplate":"https:\/\/unikaparfums.com\/?s={search_term_string}"},"query-input":{"@type":"PropertyValueSpecification","valueRequired":true,"valueName":"search_term_string"}}],"inLanguage":"en-US"},{"@type":"Organization","@id":"https:\/\/unikaparfums.com\/#organization","name":"Perfumista","url":"https:\/\/unikaparfums.com\/","logo":{"@type":"ImageObject","inLanguage":"en-US","@id":"https:\/\/unikaparfums.com\/#\/schema\/logo\/image\/","url":"https:\/\/unikaparfums.com\/wp-content\/uploads\/2023\/09\/favicon.png","contentUrl":"https:\/\/unikaparfums.com\/wp-content\/uploads\/2023\/09\/favicon.png","width":960,"height":960,"caption":"Perfumista"},"image":{"@id":"https:\/\/unikaparfums.com\/#\/schema\/logo\/image\/"}}]}},"jetpack_sharing_enabled":true,"_links":{"self":[{"href":"https:\/\/unikaparfums.com\/en\/wp-json\/wp\/v2\/product\/2127","targetHints":{"allow":["GET"]}}],"collection":[{"href":"https:\/\/unikaparfums.com\/en\/wp-json\/wp\/v2\/product"}],"about":[{"href":"https:\/\/unikaparfums.com\/en\/wp-json\/wp\/v2\/types\/product"}],"version-history":[{"count":17,"href":"https:\/\/unikaparfums.com\/en\/wp-json\/wp\/v2\/product\/2127\/revisions"}],"predecessor-version":[{"id":3390,"href":"https:\/\/unikaparfums.com\/en\/wp-json\/wp\/v2\/product\/2127\/revisions\/3390"}],"wp:featuredmedia":[{"embeddable":true,"href":"https:\/\/unikaparfums.com\/en\/wp-json\/wp\/v2\/media\/3374"}],"wp:attachment":[{"href":"https:\/\/unikaparfums.com\/en\/wp-json\/wp\/v2\/media?parent=2127"}],"wp:term":[{"taxonomy":"product_brand","embeddable":true,"href":"https:\/\/unikaparfums.com\/en\/wp-json\/wp\/v2\/product_brand?post=2127"},{"taxonomy":"product_cat","embeddable":true,"href":"https:\/\/unikaparfums.com\/en\/wp-json\/wp\/v2\/product_cat?post=2127"},{"taxonomy":"product_tag","embeddable":true,"href":"https:\/\/unikaparfums.com\/en\/wp-json\/wp\/v2\/product_tag?post=2127"}],"curies":[{"name":"wp","href":"https:\/\/api.w.org\/{rel}","templated":true}]}}