{"id":2124,"date":"2020-12-14T10:18:11","date_gmt":"2020-12-14T10:18:11","guid":{"rendered":"https:\/\/perfumista.fr\/?post_type=product&#038;p=2124"},"modified":"2026-04-08T10:06:10","modified_gmt":"2026-04-08T08:06:10","slug":"vanille-reglisse","status":"publish","type":"product","link":"https:\/\/unikaparfums.com\/en\/product\/vanille-reglisse\/","title":{"rendered":"Vanille R\u00e9glisse"},"content":{"rendered":"","protected":false},"excerpt":{"rendered":"<p style=\"text-align: center;\"><strong>Eau de Parfum<\/strong><\/p>\n<p>Inspired by a licorice cr\u00e8me br\u00fbl\u00e9e, this fragrance unveils an exquisite blend of vanilla with woody facets, saffron with a leathery character, and patchouli with earthy undertones. Licorice gracefully joins the composition, adding a delicately sweet and spicy touch. Enveloping and sensual, this creation leaves a warm, refined, and mesmerizing trail in its wake.<br \/>\nA sensory addiction.<\/p>\n<p style=\"text-align: center;\"><strong>Unisex perfume, made in France<\/strong><\/p>","protected":false},"featured_media":3364,"template":"","meta":[],"product_brand":[],"product_cat":[15],"product_tag":[],"class_list":{"0":"post-2124","1":"product","2":"type-product","3":"status-publish","4":"has-post-thumbnail","6":"product_cat-parfums","8":"first","9":"instock","10":"featured","11":"taxable","12":"shipping-taxable","13":"purchasable","14":"product-type-variable","15":"has-default-attributes"},"yoast_head":"<!-- This site is optimized with the Yoast SEO plugin v26.8 - https:\/\/yoast.com\/product\/yoast-seo-wordpress\/ -->\n<title>Vanille R\u00e9glisse - Unika parfums<\/title>\n<meta name=\"robots\" content=\"index, follow, max-snippet:-1, max-image-preview:large, max-video-preview:-1\" \/>\n<link rel=\"canonical\" href=\"https:\/\/unikaparfums.com\/en\/product\/vanille-reglisse\/\" \/>\n<meta property=\"og:locale\" content=\"en_US\" \/>\n<meta property=\"og:type\" content=\"article\" \/>\n<meta property=\"og:title\" content=\"Vanille R\u00e9glisse - Unika parfums\" \/>\n<meta property=\"og:description\" content=\"Eau de Parfum Inspir\u00e9 d\u2019une cr\u00e8me br\u00fbl\u00e9e \u00e0 la r\u00e9glisse, ce parfum r\u00e9v\u00e8le un mariage exquis entre la vanille aux facettes bois\u00e9es, le safran au caract\u00e8re cuir\u00e9 et le patchouli aux facettes de sous-bois. Le r\u00e9glisse s\u2019y invite avec \u00e9l\u00e9gance, apportant une touche d\u00e9licatement sucr\u00e9e et \u00e9pic\u00e9e. Enveloppant et sensuel, Cette cr\u00e9ation laisse derri\u00e8re elle, un sillage chaud, raffin\u00e9 et envo\u00fbtant. Une addiction sensorielle. Parfum unisexe, fabriqu\u00e9 en France\" \/>\n<meta property=\"og:url\" content=\"https:\/\/unikaparfums.com\/en\/product\/vanille-reglisse\/\" \/>\n<meta property=\"og:site_name\" content=\"Unika parfums\" \/>\n<meta property=\"article:modified_time\" content=\"2026-04-08T08:06:10+00:00\" \/>\n<meta property=\"og:image\" content=\"https:\/\/unikaparfums.com\/wp-content\/uploads\/2025\/03\/Milophotographie-2-scaled.webp\" \/>\n\t<meta property=\"og:image:width\" content=\"2560\" \/>\n\t<meta property=\"og:image:height\" content=\"1707\" \/>\n\t<meta property=\"og:image:type\" content=\"image\/webp\" \/>\n<meta name=\"twitter:card\" content=\"summary_large_image\" \/>\n<meta name=\"twitter:label1\" content=\"Est. reading time\" \/>\n\t<meta name=\"twitter:data1\" content=\"1 minute\" \/>\n<script type=\"application\/ld+json\" class=\"yoast-schema-graph\">{\"@context\":\"https:\/\/schema.org\",\"@graph\":[{\"@type\":\"WebPage\",\"@id\":\"https:\/\/unikaparfums.com\/product\/vanille-reglisse\/\",\"url\":\"https:\/\/unikaparfums.com\/product\/vanille-reglisse\/\",\"name\":\"Vanille R\u00e9glisse - Unika parfums\",\"isPartOf\":{\"@id\":\"https:\/\/unikaparfums.com\/#website\"},\"primaryImageOfPage\":{\"@id\":\"https:\/\/unikaparfums.com\/product\/vanille-reglisse\/#primaryimage\"},\"image\":{\"@id\":\"https:\/\/unikaparfums.com\/product\/vanille-reglisse\/#primaryimage\"},\"thumbnailUrl\":\"https:\/\/unikaparfums.com\/wp-content\/uploads\/2025\/03\/Milophotographie-2-scaled.webp\",\"datePublished\":\"2020-12-14T10:18:11+00:00\",\"dateModified\":\"2026-04-08T08:06:10+00:00\",\"breadcrumb\":{\"@id\":\"https:\/\/unikaparfums.com\/product\/vanille-reglisse\/#breadcrumb\"},\"inLanguage\":\"en-US\",\"potentialAction\":[{\"@type\":\"ReadAction\",\"target\":[\"https:\/\/unikaparfums.com\/product\/vanille-reglisse\/\"]}]},{\"@type\":\"ImageObject\",\"inLanguage\":\"en-US\",\"@id\":\"https:\/\/unikaparfums.com\/product\/vanille-reglisse\/#primaryimage\",\"url\":\"https:\/\/unikaparfums.com\/wp-content\/uploads\/2025\/03\/Milophotographie-2-scaled.webp\",\"contentUrl\":\"https:\/\/unikaparfums.com\/wp-content\/uploads\/2025\/03\/Milophotographie-2-scaled.webp\",\"width\":2560,\"height\":1707},{\"@type\":\"BreadcrumbList\",\"@id\":\"https:\/\/unikaparfums.com\/product\/vanille-reglisse\/#breadcrumb\",\"itemListElement\":[{\"@type\":\"ListItem\",\"position\":1,\"name\":\"Accueil\",\"item\":\"https:\/\/unikaparfums.com\/\"},{\"@type\":\"ListItem\",\"position\":2,\"name\":\"Shop\",\"item\":\"https:\/\/unikaparfums.com\/shop\/\"},{\"@type\":\"ListItem\",\"position\":3,\"name\":\"Vanille R\u00e9glisse\"}]},{\"@type\":\"WebSite\",\"@id\":\"https:\/\/unikaparfums.com\/#website\",\"url\":\"https:\/\/unikaparfums.com\/\",\"name\":\"Unika parfums\",\"description\":\"Le parfum est une \u00e9motion\",\"publisher\":{\"@id\":\"https:\/\/unikaparfums.com\/#organization\"},\"potentialAction\":[{\"@type\":\"SearchAction\",\"target\":{\"@type\":\"EntryPoint\",\"urlTemplate\":\"https:\/\/unikaparfums.com\/?s={search_term_string}\"},\"query-input\":{\"@type\":\"PropertyValueSpecification\",\"valueRequired\":true,\"valueName\":\"search_term_string\"}}],\"inLanguage\":\"en-US\"},{\"@type\":\"Organization\",\"@id\":\"https:\/\/unikaparfums.com\/#organization\",\"name\":\"Perfumista\",\"url\":\"https:\/\/unikaparfums.com\/\",\"logo\":{\"@type\":\"ImageObject\",\"inLanguage\":\"en-US\",\"@id\":\"https:\/\/unikaparfums.com\/#\/schema\/logo\/image\/\",\"url\":\"https:\/\/unikaparfums.com\/wp-content\/uploads\/2023\/09\/favicon.png\",\"contentUrl\":\"https:\/\/unikaparfums.com\/wp-content\/uploads\/2023\/09\/favicon.png\",\"width\":960,\"height\":960,\"caption\":\"Perfumista\"},\"image\":{\"@id\":\"https:\/\/unikaparfums.com\/#\/schema\/logo\/image\/\"}}]}<\/script>\n<!-- \/ Yoast SEO plugin. -->","yoast_head_json":{"title":"Vanille R\u00e9glisse - Unika parfums","robots":{"index":"index","follow":"follow","max-snippet":"max-snippet:-1","max-image-preview":"max-image-preview:large","max-video-preview":"max-video-preview:-1"},"canonical":"https:\/\/unikaparfums.com\/en\/product\/vanille-reglisse\/","og_locale":"en_US","og_type":"article","og_title":"Vanille R\u00e9glisse - Unika parfums","og_description":"Eau de Parfum Inspir\u00e9 d\u2019une cr\u00e8me br\u00fbl\u00e9e \u00e0 la r\u00e9glisse, ce parfum r\u00e9v\u00e8le un mariage exquis entre la vanille aux facettes bois\u00e9es, le safran au caract\u00e8re cuir\u00e9 et le patchouli aux facettes de sous-bois. Le r\u00e9glisse s\u2019y invite avec \u00e9l\u00e9gance, apportant une touche d\u00e9licatement sucr\u00e9e et \u00e9pic\u00e9e. Enveloppant et sensuel, Cette cr\u00e9ation laisse derri\u00e8re elle, un sillage chaud, raffin\u00e9 et envo\u00fbtant. Une addiction sensorielle. Parfum unisexe, fabriqu\u00e9 en France","og_url":"https:\/\/unikaparfums.com\/en\/product\/vanille-reglisse\/","og_site_name":"Unika parfums","article_modified_time":"2026-04-08T08:06:10+00:00","og_image":[{"width":2560,"height":1707,"url":"https:\/\/unikaparfums.com\/wp-content\/uploads\/2025\/03\/Milophotographie-2-scaled.webp","type":"image\/webp"}],"twitter_card":"summary_large_image","twitter_misc":{"Est. reading time":"1 minute"},"schema":{"@context":"https:\/\/schema.org","@graph":[{"@type":"WebPage","@id":"https:\/\/unikaparfums.com\/product\/vanille-reglisse\/","url":"https:\/\/unikaparfums.com\/product\/vanille-reglisse\/","name":"Vanille R\u00e9glisse - Unika parfums","isPartOf":{"@id":"https:\/\/unikaparfums.com\/#website"},"primaryImageOfPage":{"@id":"https:\/\/unikaparfums.com\/product\/vanille-reglisse\/#primaryimage"},"image":{"@id":"https:\/\/unikaparfums.com\/product\/vanille-reglisse\/#primaryimage"},"thumbnailUrl":"https:\/\/unikaparfums.com\/wp-content\/uploads\/2025\/03\/Milophotographie-2-scaled.webp","datePublished":"2020-12-14T10:18:11+00:00","dateModified":"2026-04-08T08:06:10+00:00","breadcrumb":{"@id":"https:\/\/unikaparfums.com\/product\/vanille-reglisse\/#breadcrumb"},"inLanguage":"en-US","potentialAction":[{"@type":"ReadAction","target":["https:\/\/unikaparfums.com\/product\/vanille-reglisse\/"]}]},{"@type":"ImageObject","inLanguage":"en-US","@id":"https:\/\/unikaparfums.com\/product\/vanille-reglisse\/#primaryimage","url":"https:\/\/unikaparfums.com\/wp-content\/uploads\/2025\/03\/Milophotographie-2-scaled.webp","contentUrl":"https:\/\/unikaparfums.com\/wp-content\/uploads\/2025\/03\/Milophotographie-2-scaled.webp","width":2560,"height":1707},{"@type":"BreadcrumbList","@id":"https:\/\/unikaparfums.com\/product\/vanille-reglisse\/#breadcrumb","itemListElement":[{"@type":"ListItem","position":1,"name":"Accueil","item":"https:\/\/unikaparfums.com\/"},{"@type":"ListItem","position":2,"name":"Shop","item":"https:\/\/unikaparfums.com\/shop\/"},{"@type":"ListItem","position":3,"name":"Vanille R\u00e9glisse"}]},{"@type":"WebSite","@id":"https:\/\/unikaparfums.com\/#website","url":"https:\/\/unikaparfums.com\/","name":"Unika parfums","description":"Perfume is an emotion","publisher":{"@id":"https:\/\/unikaparfums.com\/#organization"},"potentialAction":[{"@type":"SearchAction","target":{"@type":"EntryPoint","urlTemplate":"https:\/\/unikaparfums.com\/?s={search_term_string}"},"query-input":{"@type":"PropertyValueSpecification","valueRequired":true,"valueName":"search_term_string"}}],"inLanguage":"en-US"},{"@type":"Organization","@id":"https:\/\/unikaparfums.com\/#organization","name":"Perfumista","url":"https:\/\/unikaparfums.com\/","logo":{"@type":"ImageObject","inLanguage":"en-US","@id":"https:\/\/unikaparfums.com\/#\/schema\/logo\/image\/","url":"https:\/\/unikaparfums.com\/wp-content\/uploads\/2023\/09\/favicon.png","contentUrl":"https:\/\/unikaparfums.com\/wp-content\/uploads\/2023\/09\/favicon.png","width":960,"height":960,"caption":"Perfumista"},"image":{"@id":"https:\/\/unikaparfums.com\/#\/schema\/logo\/image\/"}}]}},"jetpack_sharing_enabled":true,"_links":{"self":[{"href":"https:\/\/unikaparfums.com\/en\/wp-json\/wp\/v2\/product\/2124","targetHints":{"allow":["GET"]}}],"collection":[{"href":"https:\/\/unikaparfums.com\/en\/wp-json\/wp\/v2\/product"}],"about":[{"href":"https:\/\/unikaparfums.com\/en\/wp-json\/wp\/v2\/types\/product"}],"version-history":[{"count":18,"href":"https:\/\/unikaparfums.com\/en\/wp-json\/wp\/v2\/product\/2124\/revisions"}],"predecessor-version":[{"id":3361,"href":"https:\/\/unikaparfums.com\/en\/wp-json\/wp\/v2\/product\/2124\/revisions\/3361"}],"wp:featuredmedia":[{"embeddable":true,"href":"https:\/\/unikaparfums.com\/en\/wp-json\/wp\/v2\/media\/3364"}],"wp:attachment":[{"href":"https:\/\/unikaparfums.com\/en\/wp-json\/wp\/v2\/media?parent=2124"}],"wp:term":[{"taxonomy":"product_brand","embeddable":true,"href":"https:\/\/unikaparfums.com\/en\/wp-json\/wp\/v2\/product_brand?post=2124"},{"taxonomy":"product_cat","embeddable":true,"href":"https:\/\/unikaparfums.com\/en\/wp-json\/wp\/v2\/product_cat?post=2124"},{"taxonomy":"product_tag","embeddable":true,"href":"https:\/\/unikaparfums.com\/en\/wp-json\/wp\/v2\/product_tag?post=2124"}],"curies":[{"name":"wp","href":"https:\/\/api.w.org\/{rel}","templated":true}]}}