{"id":358,"date":"2015-08-12T12:27:19","date_gmt":"2015-08-12T10:27:19","guid":{"rendered":"http:\/\/savoy.nordicmade.com\/?page_id=358"},"modified":"2024-06-04T08:31:51","modified_gmt":"2024-06-04T06:31:51","slug":"about","status":"publish","type":"page","link":"https:\/\/unikaparfums.com\/en\/about\/","title":{"rendered":"The founder"},"content":{"rendered":"<div data-elementor-type=\"wp-page\" data-elementor-id=\"358\" class=\"elementor elementor-358\">\n\t\t\t\t\t\t<section class=\"elementor-section elementor-top-section elementor-element elementor-element-9340f67 elementor-section-boxed elementor-section-height-default elementor-section-height-default\" data-id=\"9340f67\" data-element_type=\"section\">\n\t\t\t\t\t\t<div class=\"elementor-container elementor-column-gap-extended\">\n\t\t\t\t\t<div class=\"elementor-column elementor-col-100 elementor-top-column elementor-element elementor-element-abe2cca\" data-id=\"abe2cca\" data-element_type=\"column\">\n\t\t\t<div class=\"elementor-widget-wrap elementor-element-populated\">\n\t\t\t\t\t\t<div class=\"elementor-element elementor-element-863f8d0 elementor-widget elementor-widget-heading\" data-id=\"863f8d0\" data-element_type=\"widget\" data-widget_type=\"heading.default\">\n\t\t\t\t<div class=\"elementor-widget-container\">\n\t\t\t\t\t<h1 class=\"elementor-heading-title elementor-size-default\">Discover the creative soul behind UNIKA fragrances<\/h1>\t\t\t\t<\/div>\n\t\t\t\t<\/div>\n\t\t\t\t\t<\/div>\n\t\t<\/div>\n\t\t\t\t\t<\/div>\n\t\t<\/section>\n\t\t\t\t<section class=\"elementor-section elementor-top-section elementor-element elementor-element-7e2153d elementor-section-boxed elementor-section-height-default elementor-section-height-default\" data-id=\"7e2153d\" data-element_type=\"section\">\n\t\t\t\t\t\t<div class=\"elementor-container elementor-column-gap-default\">\n\t\t\t\t\t<div class=\"elementor-column elementor-col-50 elementor-top-column elementor-element elementor-element-a7248fd\" data-id=\"a7248fd\" data-element_type=\"column\">\n\t\t\t<div class=\"elementor-widget-wrap elementor-element-populated\">\n\t\t\t\t\t\t<div class=\"elementor-element elementor-element-d2ee5e5 elementor-widget elementor-widget-text-editor\" data-id=\"d2ee5e5\" data-element_type=\"widget\" data-widget_type=\"text-editor.default\">\n\t\t\t\t<div class=\"elementor-widget-container\">\n\t\t\t\t\t\t\t\t\t<p>V\u00e9ronique Stambouli, <strong>an independent perfumer<\/strong> in the heart of the Pays de Grasse.<\/p><p class=\"translation-block\">Her life is an olfactory journey, marked by the scents of childhood, learning from mentors, and creating perfumes for numerous clients worldwide. This journey continues today with the creation of her own brand: UNIKA.<\/p>\t\t\t\t\t\t\t\t<\/div>\n\t\t\t\t<\/div>\n\t\t\t\t<div class=\"elementor-element elementor-element-4067cd9 elementor-widget elementor-widget-heading\" data-id=\"4067cd9\" data-element_type=\"widget\" data-widget_type=\"heading.default\">\n\t\t\t\t<div class=\"elementor-widget-container\">\n\t\t\t\t\t<h2 class=\"elementor-heading-title elementor-size-default\">The birth of a passion<\/h2>\t\t\t\t<\/div>\n\t\t\t\t<\/div>\n\t\t\t\t<div class=\"elementor-element elementor-element-09d1fd3 elementor-widget elementor-widget-text-editor\" data-id=\"09d1fd3\" data-element_type=\"widget\" data-widget_type=\"text-editor.default\">\n\t\t\t\t<div class=\"elementor-widget-container\">\n\t\t\t\t\t\t\t\t\t<p>As a child, her taste buds delighted, and her senses captured every moment of happiness shared with her family. Her sense of smell sharpened, and she became passionate about the world of perfumery. Determined to learn the art of composing perfumes, she studied at ISIPCA before heading south for new fragrant experiences.\u00a0<\/p><p>She settled in Grasse, the perfume capital, to train under master perfumers who would guide her on the path to creation.\u00a0<\/p>\t\t\t\t\t\t\t\t<\/div>\n\t\t\t\t<\/div>\n\t\t\t\t<div class=\"elementor-element elementor-element-020233d elementor-widget elementor-widget-heading\" data-id=\"020233d\" data-element_type=\"widget\" data-widget_type=\"heading.default\">\n\t\t\t\t<div class=\"elementor-widget-container\">\n\t\t\t\t\t<h2 class=\"elementor-heading-title elementor-size-default\">Creating to share<\/h2>\t\t\t\t<\/div>\n\t\t\t\t<\/div>\n\t\t\t\t<div class=\"elementor-element elementor-element-b13d65e elementor-widget elementor-widget-text-editor\" data-id=\"b13d65e\" data-element_type=\"widget\" data-widget_type=\"text-editor.default\">\n\t\t\t\t<div class=\"elementor-widget-container\">\n\t\t\t\t\t\t\t\t\t<p class=\"translation-block\">V\u00e9ronique has chosen<strong> to combine exceptional natural raw materials to create surprising perfumes<\/strong>. Each fragrance goes beyond a simple olfactory composition: it is an artistic expression, transcribing intimate memories, unforgettable journeys and emotions that resonate with each of us. Each fragrance tells a story, captivating our senses with unique scents and surprising olfactory combinations.<\/p>\t\t\t\t\t\t\t\t<\/div>\n\t\t\t\t<\/div>\n\t\t\t\t\t<\/div>\n\t\t<\/div>\n\t\t\t\t<div class=\"elementor-column elementor-col-50 elementor-top-column elementor-element elementor-element-5913670\" data-id=\"5913670\" data-element_type=\"column\">\n\t\t\t<div class=\"elementor-widget-wrap elementor-element-populated\">\n\t\t\t\t\t\t<div class=\"elementor-element elementor-element-edfb234 elementor-widget elementor-widget-image\" data-id=\"edfb234\" data-element_type=\"widget\" data-widget_type=\"image.default\">\n\t\t\t\t<div class=\"elementor-widget-container\">\n\t\t\t\t\t\t\t\t\t\t\t\t\t\t\t<img fetchpriority=\"high\" decoding=\"async\" width=\"741\" height=\"1024\" src=\"https:\/\/unikaparfums.com\/wp-content\/uploads\/2023\/10\/la-creatrice-741x1024.jpg\" class=\"attachment-large size-large wp-image-2746\" alt=\"\" srcset=\"https:\/\/unikaparfums.com\/wp-content\/uploads\/2023\/10\/la-creatrice-741x1024.jpg 741w, https:\/\/unikaparfums.com\/wp-content\/uploads\/2023\/10\/la-creatrice-217x300.jpg 217w, https:\/\/unikaparfums.com\/wp-content\/uploads\/2023\/10\/la-creatrice-768x1062.jpg 768w, https:\/\/unikaparfums.com\/wp-content\/uploads\/2023\/10\/la-creatrice-1111x1536.jpg 1111w, https:\/\/unikaparfums.com\/wp-content\/uploads\/2023\/10\/la-creatrice-9x12.jpg 9w, https:\/\/unikaparfums.com\/wp-content\/uploads\/2023\/10\/la-creatrice-350x484.jpg 350w, https:\/\/unikaparfums.com\/wp-content\/uploads\/2023\/10\/la-creatrice-680x940.jpg 680w, https:\/\/unikaparfums.com\/wp-content\/uploads\/2023\/10\/la-creatrice.jpg 1481w\" sizes=\"(max-width: 741px) 100vw, 741px\" \/>\t\t\t\t\t\t\t\t\t\t\t\t\t\t\t<\/div>\n\t\t\t\t<\/div>\n\t\t\t\t\t<\/div>\n\t\t<\/div>\n\t\t\t\t\t<\/div>\n\t\t<\/section>\n\t\t\t\t<\/div>","protected":false},"excerpt":{"rendered":"<p>D\u00e9couvrez l&rsquo;\u00e2me cr\u00e9ative qui donne vie aux parfums UNIKA V\u00e9ronique Stambouli, parfumeure ind\u00e9pendante au c\u0153ur du Pays de Grasse. Sa vie est un p\u00e9riple olfactif ponctu\u00e9 par les odeurs de l\u2019enfance, l\u2019apprentissage aupr\u00e8s de mentors, la cr\u00e9ation de parfums pour de nombreux clients \u00e0 travers le monde. Ce voyage se poursuit aujourd\u2019hui par la cr\u00e9ation &hellip;<\/p>","protected":false},"author":1,"featured_media":0,"parent":0,"menu_order":0,"comment_status":"closed","ping_status":"closed","template":"elementor_header_footer","meta":{"footnotes":""},"class_list":["post-358","page","type-page","status-publish","hentry"],"yoast_head":"<!-- This site is optimized with the Yoast SEO plugin v26.8 - https:\/\/yoast.com\/product\/yoast-seo-wordpress\/ -->\n<title>La cr\u00e9atrice - Unika parfums<\/title>\n<meta name=\"description\" content=\"V\u00e9ronique Stambouli est une artiste, cr\u00e9atrice de parfums inspir\u00e9e par l\u2019assemblage \u00ab sans limite \u00bb de mati\u00e8res premi\u00e8res\" \/>\n<meta name=\"robots\" content=\"index, follow, max-snippet:-1, max-image-preview:large, max-video-preview:-1\" \/>\n<link rel=\"canonical\" href=\"https:\/\/unikaparfums.com\/en\/about\/\" \/>\n<meta property=\"og:locale\" content=\"en_US\" \/>\n<meta property=\"og:type\" content=\"article\" \/>\n<meta property=\"og:title\" content=\"La cr\u00e9atrice - Unika parfums\" \/>\n<meta property=\"og:description\" content=\"V\u00e9ronique Stambouli est une artiste, cr\u00e9atrice de parfums inspir\u00e9e par l\u2019assemblage \u00ab sans limite \u00bb de mati\u00e8res premi\u00e8res\" \/>\n<meta property=\"og:url\" content=\"https:\/\/unikaparfums.com\/en\/about\/\" \/>\n<meta property=\"og:site_name\" content=\"Unika parfums\" \/>\n<meta property=\"article:modified_time\" content=\"2024-06-04T06:31:51+00:00\" \/>\n<meta property=\"og:image\" content=\"https:\/\/unikaparfums.com\/wp-content\/uploads\/2023\/10\/la-creatrice-741x1024.jpg\" \/>\n<meta name=\"twitter:card\" content=\"summary_large_image\" \/>\n<meta name=\"twitter:label1\" content=\"Est. reading time\" \/>\n\t<meta name=\"twitter:data1\" content=\"2 minutes\" \/>\n<script type=\"application\/ld+json\" class=\"yoast-schema-graph\">{\"@context\":\"https:\/\/schema.org\",\"@graph\":[{\"@type\":\"WebPage\",\"@id\":\"https:\/\/unikaparfums.com\/about\/\",\"url\":\"https:\/\/unikaparfums.com\/about\/\",\"name\":\"La cr\u00e9atrice - Unika parfums\",\"isPartOf\":{\"@id\":\"https:\/\/unikaparfums.com\/#website\"},\"primaryImageOfPage\":{\"@id\":\"https:\/\/unikaparfums.com\/about\/#primaryimage\"},\"image\":{\"@id\":\"https:\/\/unikaparfums.com\/about\/#primaryimage\"},\"thumbnailUrl\":\"https:\/\/unikaparfums.com\/wp-content\/uploads\/2023\/10\/la-creatrice-741x1024.jpg\",\"datePublished\":\"2015-08-12T10:27:19+00:00\",\"dateModified\":\"2024-06-04T06:31:51+00:00\",\"description\":\"V\u00e9ronique Stambouli est une artiste, cr\u00e9atrice de parfums inspir\u00e9e par l\u2019assemblage \u00ab sans limite \u00bb de mati\u00e8res premi\u00e8res\",\"breadcrumb\":{\"@id\":\"https:\/\/unikaparfums.com\/about\/#breadcrumb\"},\"inLanguage\":\"en-US\",\"potentialAction\":[{\"@type\":\"ReadAction\",\"target\":[\"https:\/\/unikaparfums.com\/about\/\"]}]},{\"@type\":\"ImageObject\",\"inLanguage\":\"en-US\",\"@id\":\"https:\/\/unikaparfums.com\/about\/#primaryimage\",\"url\":\"https:\/\/unikaparfums.com\/wp-content\/uploads\/2023\/10\/la-creatrice-741x1024.jpg\",\"contentUrl\":\"https:\/\/unikaparfums.com\/wp-content\/uploads\/2023\/10\/la-creatrice-741x1024.jpg\"},{\"@type\":\"BreadcrumbList\",\"@id\":\"https:\/\/unikaparfums.com\/about\/#breadcrumb\",\"itemListElement\":[{\"@type\":\"ListItem\",\"position\":1,\"name\":\"Accueil\",\"item\":\"https:\/\/unikaparfums.com\/\"},{\"@type\":\"ListItem\",\"position\":2,\"name\":\"La cr\u00e9atrice\"}]},{\"@type\":\"WebSite\",\"@id\":\"https:\/\/unikaparfums.com\/#website\",\"url\":\"https:\/\/unikaparfums.com\/\",\"name\":\"Unika parfums\",\"description\":\"Le parfum est une \u00e9motion\",\"publisher\":{\"@id\":\"https:\/\/unikaparfums.com\/#organization\"},\"potentialAction\":[{\"@type\":\"SearchAction\",\"target\":{\"@type\":\"EntryPoint\",\"urlTemplate\":\"https:\/\/unikaparfums.com\/?s={search_term_string}\"},\"query-input\":{\"@type\":\"PropertyValueSpecification\",\"valueRequired\":true,\"valueName\":\"search_term_string\"}}],\"inLanguage\":\"en-US\"},{\"@type\":\"Organization\",\"@id\":\"https:\/\/unikaparfums.com\/#organization\",\"name\":\"Perfumista\",\"url\":\"https:\/\/unikaparfums.com\/\",\"logo\":{\"@type\":\"ImageObject\",\"inLanguage\":\"en-US\",\"@id\":\"https:\/\/unikaparfums.com\/#\/schema\/logo\/image\/\",\"url\":\"https:\/\/unikaparfums.com\/wp-content\/uploads\/2023\/09\/favicon.png\",\"contentUrl\":\"https:\/\/unikaparfums.com\/wp-content\/uploads\/2023\/09\/favicon.png\",\"width\":960,\"height\":960,\"caption\":\"Perfumista\"},\"image\":{\"@id\":\"https:\/\/unikaparfums.com\/#\/schema\/logo\/image\/\"}}]}<\/script>\n<!-- \/ Yoast SEO plugin. -->","yoast_head_json":{"title":"La cr\u00e9atrice - Unika parfums","description":"V\u00e9ronique Stambouli est une artiste, cr\u00e9atrice de parfums inspir\u00e9e par l\u2019assemblage \u00ab sans limite \u00bb de mati\u00e8res premi\u00e8res","robots":{"index":"index","follow":"follow","max-snippet":"max-snippet:-1","max-image-preview":"max-image-preview:large","max-video-preview":"max-video-preview:-1"},"canonical":"https:\/\/unikaparfums.com\/en\/about\/","og_locale":"en_US","og_type":"article","og_title":"La cr\u00e9atrice - Unika parfums","og_description":"V\u00e9ronique Stambouli est une artiste, cr\u00e9atrice de parfums inspir\u00e9e par l\u2019assemblage \u00ab sans limite \u00bb de mati\u00e8res premi\u00e8res","og_url":"https:\/\/unikaparfums.com\/en\/about\/","og_site_name":"Unika parfums","article_modified_time":"2024-06-04T06:31:51+00:00","og_image":[{"url":"https:\/\/unikaparfums.com\/wp-content\/uploads\/2023\/10\/la-creatrice-741x1024.jpg","type":"","width":"","height":""}],"twitter_card":"summary_large_image","twitter_misc":{"Est. reading time":"2 minutes"},"schema":{"@context":"https:\/\/schema.org","@graph":[{"@type":"WebPage","@id":"https:\/\/unikaparfums.com\/about\/","url":"https:\/\/unikaparfums.com\/about\/","name":"La cr\u00e9atrice - Unika parfums","isPartOf":{"@id":"https:\/\/unikaparfums.com\/#website"},"primaryImageOfPage":{"@id":"https:\/\/unikaparfums.com\/about\/#primaryimage"},"image":{"@id":"https:\/\/unikaparfums.com\/about\/#primaryimage"},"thumbnailUrl":"https:\/\/unikaparfums.com\/wp-content\/uploads\/2023\/10\/la-creatrice-741x1024.jpg","datePublished":"2015-08-12T10:27:19+00:00","dateModified":"2024-06-04T06:31:51+00:00","description":"V\u00e9ronique Stambouli est une artiste, cr\u00e9atrice de parfums inspir\u00e9e par l\u2019assemblage \u00ab sans limite \u00bb de mati\u00e8res premi\u00e8res","breadcrumb":{"@id":"https:\/\/unikaparfums.com\/about\/#breadcrumb"},"inLanguage":"en-US","potentialAction":[{"@type":"ReadAction","target":["https:\/\/unikaparfums.com\/about\/"]}]},{"@type":"ImageObject","inLanguage":"en-US","@id":"https:\/\/unikaparfums.com\/about\/#primaryimage","url":"https:\/\/unikaparfums.com\/wp-content\/uploads\/2023\/10\/la-creatrice-741x1024.jpg","contentUrl":"https:\/\/unikaparfums.com\/wp-content\/uploads\/2023\/10\/la-creatrice-741x1024.jpg"},{"@type":"BreadcrumbList","@id":"https:\/\/unikaparfums.com\/about\/#breadcrumb","itemListElement":[{"@type":"ListItem","position":1,"name":"Accueil","item":"https:\/\/unikaparfums.com\/"},{"@type":"ListItem","position":2,"name":"La cr\u00e9atrice"}]},{"@type":"WebSite","@id":"https:\/\/unikaparfums.com\/#website","url":"https:\/\/unikaparfums.com\/","name":"Unika parfums","description":"Perfume is an emotion","publisher":{"@id":"https:\/\/unikaparfums.com\/#organization"},"potentialAction":[{"@type":"SearchAction","target":{"@type":"EntryPoint","urlTemplate":"https:\/\/unikaparfums.com\/?s={search_term_string}"},"query-input":{"@type":"PropertyValueSpecification","valueRequired":true,"valueName":"search_term_string"}}],"inLanguage":"en-US"},{"@type":"Organization","@id":"https:\/\/unikaparfums.com\/#organization","name":"Perfumista","url":"https:\/\/unikaparfums.com\/","logo":{"@type":"ImageObject","inLanguage":"en-US","@id":"https:\/\/unikaparfums.com\/#\/schema\/logo\/image\/","url":"https:\/\/unikaparfums.com\/wp-content\/uploads\/2023\/09\/favicon.png","contentUrl":"https:\/\/unikaparfums.com\/wp-content\/uploads\/2023\/09\/favicon.png","width":960,"height":960,"caption":"Perfumista"},"image":{"@id":"https:\/\/unikaparfums.com\/#\/schema\/logo\/image\/"}}]}},"jetpack_sharing_enabled":true,"_links":{"self":[{"href":"https:\/\/unikaparfums.com\/en\/wp-json\/wp\/v2\/pages\/358","targetHints":{"allow":["GET"]}}],"collection":[{"href":"https:\/\/unikaparfums.com\/en\/wp-json\/wp\/v2\/pages"}],"about":[{"href":"https:\/\/unikaparfums.com\/en\/wp-json\/wp\/v2\/types\/page"}],"author":[{"embeddable":true,"href":"https:\/\/unikaparfums.com\/en\/wp-json\/wp\/v2\/users\/1"}],"replies":[{"embeddable":true,"href":"https:\/\/unikaparfums.com\/en\/wp-json\/wp\/v2\/comments?post=358"}],"version-history":[{"count":98,"href":"https:\/\/unikaparfums.com\/en\/wp-json\/wp\/v2\/pages\/358\/revisions"}],"predecessor-version":[{"id":3116,"href":"https:\/\/unikaparfums.com\/en\/wp-json\/wp\/v2\/pages\/358\/revisions\/3116"}],"wp:attachment":[{"href":"https:\/\/unikaparfums.com\/en\/wp-json\/wp\/v2\/media?parent=358"}],"curies":[{"name":"wp","href":"https:\/\/api.w.org\/{rel}","templated":true}]}}