{"id":3,"date":"2020-12-09T13:53:45","date_gmt":"2020-12-09T13:53:45","guid":{"rendered":"http:\/\/perfumista.fr\/?page_id=3"},"modified":"2023-10-03T12:30:31","modified_gmt":"2023-10-03T10:30:31","slug":"privacy-policy","status":"publish","type":"page","link":"https:\/\/unikaparfums.com\/en\/privacy-policy\/","title":{"rendered":"Privacy Policy"},"content":{"rendered":"<div data-elementor-type=\"wp-page\" data-elementor-id=\"3\" class=\"elementor elementor-3\">\n\t\t\t\t\t\t<section class=\"elementor-section elementor-top-section elementor-element elementor-element-50b9b36f elementor-section-boxed elementor-section-height-default elementor-section-height-default\" data-id=\"50b9b36f\" data-element_type=\"section\">\n\t\t\t\t\t\t<div class=\"elementor-container elementor-column-gap-default\">\n\t\t\t\t\t<div class=\"elementor-column elementor-col-100 elementor-top-column elementor-element elementor-element-5de5326a\" data-id=\"5de5326a\" data-element_type=\"column\">\n\t\t\t<div class=\"elementor-widget-wrap elementor-element-populated\">\n\t\t\t\t\t\t<div class=\"elementor-element elementor-element-f567d0a elementor-widget elementor-widget-spacer\" data-id=\"f567d0a\" data-element_type=\"widget\" data-widget_type=\"spacer.default\">\n\t\t\t\t<div class=\"elementor-widget-container\">\n\t\t\t\t\t\t\t<div class=\"elementor-spacer\">\n\t\t\t<div class=\"elementor-spacer-inner\"><\/div>\n\t\t<\/div>\n\t\t\t\t\t\t<\/div>\n\t\t\t\t<\/div>\n\t\t\t\t<div class=\"elementor-element elementor-element-e004e1f elementor-widget elementor-widget-heading\" data-id=\"e004e1f\" data-element_type=\"widget\" data-widget_type=\"heading.default\">\n\t\t\t\t<div class=\"elementor-widget-container\">\n\t\t\t\t\t<h1 class=\"elementor-heading-title elementor-size-default\">Privacy Policy<\/h1>\t\t\t\t<\/div>\n\t\t\t\t<\/div>\n\t\t\t\t<div class=\"elementor-element elementor-element-13e4fdb elementor-widget elementor-widget-text-editor\" data-id=\"13e4fdb\" data-element_type=\"widget\" data-widget_type=\"text-editor.default\">\n\t\t\t\t<div class=\"elementor-widget-container\">\n\t\t\t\t\t\t\t\t\t<p>UNIKA est pleinement engag\u00e9 \u00e0 prot\u00e9ger votre vie priv\u00e9e et \u00e0 respecter vos choix. Ainsi UNIKA met tout en \u0153uvre pour se conformer aux obligations en vertu du r\u00e8glement g\u00e9n\u00e9ral sur la protection des donn\u00e9es (RGPD).<\/p><p>En visitant le site www.unika.com vous acceptez que UNIKA collecte, traite et utilise les informations personnelles vis\u00e9es comme indiqu\u00e9 ci-apr\u00e8s.<\/p>\t\t\t\t\t\t\t\t<\/div>\n\t\t\t\t<\/div>\n\t\t\t\t<div class=\"elementor-element elementor-element-2d29346 elementor-widget elementor-widget-heading\" data-id=\"2d29346\" data-element_type=\"widget\" data-widget_type=\"heading.default\">\n\t\t\t\t<div class=\"elementor-widget-container\">\n\t\t\t\t\t<h2 class=\"elementor-heading-title elementor-size-default\">Quelles sont les informations des clients collect\u00e9es par www.unika.fr ?<\/h2>\t\t\t\t<\/div>\n\t\t\t\t<\/div>\n\t\t\t\t<div class=\"elementor-element elementor-element-98c87e3 elementor-widget elementor-widget-text-editor\" data-id=\"98c87e3\" data-element_type=\"widget\" data-widget_type=\"text-editor.default\">\n\t\t\t\t<div class=\"elementor-widget-container\">\n\t\t\t\t\t\t\t\t\t<p>Nous recueillons deux types d\u2019informations lors de la visite sur le site UNIKA.<\/p><p>The first type of information is the personal information provided by visitors to the Site:<\/p><ul><li>From the application to register in the customer area of the site, to make contact and place orders<\/li><\/ul><p>The second type of information is site statistics to support our site optimisation.<\/p><p>This information includes IP addresses (showing the network connection), the pages visited and the route taken through our site. We may record data such as the browser and operating system you use, but we cannot identify who you are.<\/p><p>If you choose to voluntarily provide us with personal information, it will be stored in our secure databases at our company headquarters where appropriate procedures are in place to protect the information.<\/p><p>Les donn\u00e9es que vous avez saisies sur le site Web ne peuvent \u00eatre visualis\u00e9es que par personnes autoris\u00e9es au sein de la soci\u00e9t\u00e9 UNIKA, qui sont en charge du site web, des op\u00e9rations de support et d\u2019h\u00e9bergement du pr\u00e9sent site.<\/p><p>The information you provide will be stored and used only for purposes approved by you. We remind you that we do not share contact information with other third party organisations.<\/p>\t\t\t\t\t\t\t\t<\/div>\n\t\t\t\t<\/div>\n\t\t\t\t<div class=\"elementor-element elementor-element-99a9925 elementor-widget elementor-widget-heading\" data-id=\"99a9925\" data-element_type=\"widget\" data-widget_type=\"heading.default\">\n\t\t\t\t<div class=\"elementor-widget-container\">\n\t\t\t\t\t<h2 class=\"elementor-heading-title elementor-size-default\">What about cookies?<\/h2>\t\t\t\t<\/div>\n\t\t\t\t<\/div>\n\t\t\t\t<div class=\"elementor-element elementor-element-3d56f05 elementor-widget elementor-widget-text-editor\" data-id=\"3d56f05\" data-element_type=\"widget\" data-widget_type=\"text-editor.default\">\n\t\t\t\t<div class=\"elementor-widget-container\">\n\t\t\t\t\t\t\t\t\t<p>A cookie (or connection cookie) is a text file that may be saved, subject to your choices, in a dedicated space on the hard disk of your computer (computer, tablet, etc.) when you use your browser to consult an online service.<\/p><p>It is transmitted by the server of a website to your browser. Each cookie is assigned an anonymous identifier. The cookie file enables its sender to identify the terminal in which it is stored during the period of validity or registration of the cookie concerned. A cookie cannot be traced back to a natural person.<br \/>Lorsque vous consultez le site www.unika.com, nous pouvons \u00eatre amen\u00e9s \u00e0 installer, sous r\u00e9serve de votre choix, diff\u00e9rents cookies et notamment des cookies publicitaires.<\/p><p>If you do not want cookies to be installed on your computer or mobile device, you can configure your browser to limit or exclude the use of cookies.<\/p>\t\t\t\t\t\t\t\t<\/div>\n\t\t\t\t<\/div>\n\t\t\t\t<div class=\"elementor-element elementor-element-62f0cdf elementor-widget elementor-widget-heading\" data-id=\"62f0cdf\" data-element_type=\"widget\" data-widget_type=\"heading.default\">\n\t\t\t\t<div class=\"elementor-widget-container\">\n\t\t\t\t\t<h2 class=\"elementor-heading-title elementor-size-default\"><h2>Is my personal information protected?<\/h2><\/h2>\t\t\t\t<\/div>\n\t\t\t\t<\/div>\n\t\t\t\t<div class=\"elementor-element elementor-element-641066c elementor-widget elementor-widget-text-editor\" data-id=\"641066c\" data-element_type=\"widget\" data-widget_type=\"text-editor.default\">\n\t\t\t\t<div class=\"elementor-widget-container\">\n\t\t\t\t\t\t\t\t\t<p>We maintain physical, electronic and procedural safeguards and security measures in connection with the collection, storage and disclosure of customer personal information. Our security procedures may require us to ask for proof of your identity before we can release your personal information to you.<\/p>\t\t\t\t\t\t\t\t<\/div>\n\t\t\t\t<\/div>\n\t\t\t\t<div class=\"elementor-element elementor-element-ff33914 elementor-widget elementor-widget-heading\" data-id=\"ff33914\" data-element_type=\"widget\" data-widget_type=\"heading.default\">\n\t\t\t\t<div class=\"elementor-widget-container\">\n\t\t\t\t\t<h2 class=\"elementor-heading-title elementor-size-default\"><h2>What information can I access?<\/h2><\/h2>\t\t\t\t<\/div>\n\t\t\t\t<\/div>\n\t\t\t\t<div class=\"elementor-element elementor-element-7076163 elementor-widget elementor-widget-text-editor\" data-id=\"7076163\" data-element_type=\"widget\" data-widget_type=\"text-editor.default\">\n\t\t\t\t<div class=\"elementor-widget-container\">\n\t\t\t\t\t\t\t\t\t<p>UNIKA vous donne acc\u00e8s \u00e0 un large choix d\u2019informations renseign\u00e9es par vos soins, \u00e0 savoir :<\/p><ul><li><strong>\u2013 Civility<\/strong><\/li><li><strong>- Name<\/strong><\/li><li><strong>- First name<\/strong><\/li><li><strong>- Address, Address supplement, postcode and city<\/strong><\/li><li><strong>- Email address<\/strong><\/li><li><strong>- Phone number<\/strong><\/li><li>\u00a0<\/li><\/ul><p>This is for the sole purpose of reading or updating them.<\/p>\t\t\t\t\t\t\t\t<\/div>\n\t\t\t\t<\/div>\n\t\t\t\t<div class=\"elementor-element elementor-element-280c567 elementor-widget elementor-widget-spacer\" data-id=\"280c567\" data-element_type=\"widget\" data-widget_type=\"spacer.default\">\n\t\t\t\t<div class=\"elementor-widget-container\">\n\t\t\t\t\t\t\t<div class=\"elementor-spacer\">\n\t\t\t<div class=\"elementor-spacer-inner\"><\/div>\n\t\t<\/div>\n\t\t\t\t\t\t<\/div>\n\t\t\t\t<\/div>\n\t\t\t\t\t<\/div>\n\t\t<\/div>\n\t\t\t\t\t<\/div>\n\t\t<\/section>\n\t\t\t\t<\/div>","protected":false},"excerpt":{"rendered":"<p>Politique de confidentialit\u00e9 UNIKA est pleinement engag\u00e9 \u00e0 prot\u00e9ger votre vie priv\u00e9e et \u00e0 respecter vos choix. Ainsi UNIKA met tout en \u0153uvre pour se conformer aux obligations en vertu du r\u00e8glement g\u00e9n\u00e9ral sur la protection des donn\u00e9es (RGPD). En visitant le site www.unika.com vous acceptez que UNIKA collecte, traite et utilise les informations personnelles &hellip;<\/p>","protected":false},"author":1,"featured_media":0,"parent":0,"menu_order":0,"comment_status":"closed","ping_status":"open","template":"","meta":{"footnotes":""},"class_list":["post-3","page","type-page","status-publish","hentry"],"yoast_head":"<!-- This site is optimized with the Yoast SEO plugin v26.8 - https:\/\/yoast.com\/product\/yoast-seo-wordpress\/ -->\n<title>Privacy Policy - Unika parfums<\/title>\n<meta name=\"robots\" content=\"index, follow, max-snippet:-1, max-image-preview:large, max-video-preview:-1\" \/>\n<link rel=\"canonical\" href=\"https:\/\/unikaparfums.com\/en\/privacy-policy\/\" \/>\n<meta property=\"og:locale\" content=\"en_US\" \/>\n<meta property=\"og:type\" content=\"article\" \/>\n<meta property=\"og:title\" content=\"Privacy Policy - Unika parfums\" \/>\n<meta property=\"og:description\" content=\"Politique de confidentialit\u00e9 UNIKA est pleinement engag\u00e9 \u00e0 prot\u00e9ger votre vie priv\u00e9e et \u00e0 respecter vos choix. Ainsi UNIKA met tout en \u0153uvre pour se conformer aux obligations en vertu du r\u00e8glement g\u00e9n\u00e9ral sur la protection des donn\u00e9es (RGPD). En visitant le site www.unika.com vous acceptez que UNIKA collecte, traite et utilise les informations personnelles &hellip;\" \/>\n<meta property=\"og:url\" content=\"https:\/\/unikaparfums.com\/en\/privacy-policy\/\" \/>\n<meta property=\"og:site_name\" content=\"Unika parfums\" \/>\n<meta property=\"article:modified_time\" content=\"2023-10-03T10:30:31+00:00\" \/>\n<meta name=\"twitter:card\" content=\"summary_large_image\" \/>\n<meta name=\"twitter:label1\" content=\"Est. reading time\" \/>\n\t<meta name=\"twitter:data1\" content=\"3 minutes\" \/>\n<script type=\"application\/ld+json\" class=\"yoast-schema-graph\">{\"@context\":\"https:\/\/schema.org\",\"@graph\":[{\"@type\":\"WebPage\",\"@id\":\"https:\/\/unikaparfums.com\/privacy-policy\/\",\"url\":\"https:\/\/unikaparfums.com\/privacy-policy\/\",\"name\":\"Privacy Policy - Unika parfums\",\"isPartOf\":{\"@id\":\"https:\/\/unikaparfums.com\/#website\"},\"datePublished\":\"2020-12-09T13:53:45+00:00\",\"dateModified\":\"2023-10-03T10:30:31+00:00\",\"breadcrumb\":{\"@id\":\"https:\/\/unikaparfums.com\/privacy-policy\/#breadcrumb\"},\"inLanguage\":\"en-US\",\"potentialAction\":[{\"@type\":\"ReadAction\",\"target\":[\"https:\/\/unikaparfums.com\/privacy-policy\/\"]}]},{\"@type\":\"BreadcrumbList\",\"@id\":\"https:\/\/unikaparfums.com\/privacy-policy\/#breadcrumb\",\"itemListElement\":[{\"@type\":\"ListItem\",\"position\":1,\"name\":\"Accueil\",\"item\":\"https:\/\/unikaparfums.com\/\"},{\"@type\":\"ListItem\",\"position\":2,\"name\":\"Privacy Policy\"}]},{\"@type\":\"WebSite\",\"@id\":\"https:\/\/unikaparfums.com\/#website\",\"url\":\"https:\/\/unikaparfums.com\/\",\"name\":\"Unika parfums\",\"description\":\"Le parfum est une \u00e9motion\",\"publisher\":{\"@id\":\"https:\/\/unikaparfums.com\/#organization\"},\"potentialAction\":[{\"@type\":\"SearchAction\",\"target\":{\"@type\":\"EntryPoint\",\"urlTemplate\":\"https:\/\/unikaparfums.com\/?s={search_term_string}\"},\"query-input\":{\"@type\":\"PropertyValueSpecification\",\"valueRequired\":true,\"valueName\":\"search_term_string\"}}],\"inLanguage\":\"en-US\"},{\"@type\":\"Organization\",\"@id\":\"https:\/\/unikaparfums.com\/#organization\",\"name\":\"Perfumista\",\"url\":\"https:\/\/unikaparfums.com\/\",\"logo\":{\"@type\":\"ImageObject\",\"inLanguage\":\"en-US\",\"@id\":\"https:\/\/unikaparfums.com\/#\/schema\/logo\/image\/\",\"url\":\"https:\/\/unikaparfums.com\/wp-content\/uploads\/2023\/09\/favicon.png\",\"contentUrl\":\"https:\/\/unikaparfums.com\/wp-content\/uploads\/2023\/09\/favicon.png\",\"width\":960,\"height\":960,\"caption\":\"Perfumista\"},\"image\":{\"@id\":\"https:\/\/unikaparfums.com\/#\/schema\/logo\/image\/\"}}]}<\/script>\n<!-- \/ Yoast SEO plugin. -->","yoast_head_json":{"title":"Privacy Policy - Unika parfums","robots":{"index":"index","follow":"follow","max-snippet":"max-snippet:-1","max-image-preview":"max-image-preview:large","max-video-preview":"max-video-preview:-1"},"canonical":"https:\/\/unikaparfums.com\/en\/privacy-policy\/","og_locale":"en_US","og_type":"article","og_title":"Privacy Policy - Unika parfums","og_description":"Politique de confidentialit\u00e9 UNIKA est pleinement engag\u00e9 \u00e0 prot\u00e9ger votre vie priv\u00e9e et \u00e0 respecter vos choix. Ainsi UNIKA met tout en \u0153uvre pour se conformer aux obligations en vertu du r\u00e8glement g\u00e9n\u00e9ral sur la protection des donn\u00e9es (RGPD). En visitant le site www.unika.com vous acceptez que UNIKA collecte, traite et utilise les informations personnelles &hellip;","og_url":"https:\/\/unikaparfums.com\/en\/privacy-policy\/","og_site_name":"Unika parfums","article_modified_time":"2023-10-03T10:30:31+00:00","twitter_card":"summary_large_image","twitter_misc":{"Est. reading time":"3 minutes"},"schema":{"@context":"https:\/\/schema.org","@graph":[{"@type":"WebPage","@id":"https:\/\/unikaparfums.com\/privacy-policy\/","url":"https:\/\/unikaparfums.com\/privacy-policy\/","name":"Privacy Policy - Unika parfums","isPartOf":{"@id":"https:\/\/unikaparfums.com\/#website"},"datePublished":"2020-12-09T13:53:45+00:00","dateModified":"2023-10-03T10:30:31+00:00","breadcrumb":{"@id":"https:\/\/unikaparfums.com\/privacy-policy\/#breadcrumb"},"inLanguage":"en-US","potentialAction":[{"@type":"ReadAction","target":["https:\/\/unikaparfums.com\/privacy-policy\/"]}]},{"@type":"BreadcrumbList","@id":"https:\/\/unikaparfums.com\/privacy-policy\/#breadcrumb","itemListElement":[{"@type":"ListItem","position":1,"name":"Accueil","item":"https:\/\/unikaparfums.com\/"},{"@type":"ListItem","position":2,"name":"Privacy Policy"}]},{"@type":"WebSite","@id":"https:\/\/unikaparfums.com\/#website","url":"https:\/\/unikaparfums.com\/","name":"Unika parfums","description":"Perfume is an emotion","publisher":{"@id":"https:\/\/unikaparfums.com\/#organization"},"potentialAction":[{"@type":"SearchAction","target":{"@type":"EntryPoint","urlTemplate":"https:\/\/unikaparfums.com\/?s={search_term_string}"},"query-input":{"@type":"PropertyValueSpecification","valueRequired":true,"valueName":"search_term_string"}}],"inLanguage":"en-US"},{"@type":"Organization","@id":"https:\/\/unikaparfums.com\/#organization","name":"Perfumista","url":"https:\/\/unikaparfums.com\/","logo":{"@type":"ImageObject","inLanguage":"en-US","@id":"https:\/\/unikaparfums.com\/#\/schema\/logo\/image\/","url":"https:\/\/unikaparfums.com\/wp-content\/uploads\/2023\/09\/favicon.png","contentUrl":"https:\/\/unikaparfums.com\/wp-content\/uploads\/2023\/09\/favicon.png","width":960,"height":960,"caption":"Perfumista"},"image":{"@id":"https:\/\/unikaparfums.com\/#\/schema\/logo\/image\/"}}]}},"jetpack_sharing_enabled":true,"_links":{"self":[{"href":"https:\/\/unikaparfums.com\/en\/wp-json\/wp\/v2\/pages\/3","targetHints":{"allow":["GET"]}}],"collection":[{"href":"https:\/\/unikaparfums.com\/en\/wp-json\/wp\/v2\/pages"}],"about":[{"href":"https:\/\/unikaparfums.com\/en\/wp-json\/wp\/v2\/types\/page"}],"author":[{"embeddable":true,"href":"https:\/\/unikaparfums.com\/en\/wp-json\/wp\/v2\/users\/1"}],"replies":[{"embeddable":true,"href":"https:\/\/unikaparfums.com\/en\/wp-json\/wp\/v2\/comments?post=3"}],"version-history":[{"count":22,"href":"https:\/\/unikaparfums.com\/en\/wp-json\/wp\/v2\/pages\/3\/revisions"}],"predecessor-version":[{"id":2833,"href":"https:\/\/unikaparfums.com\/en\/wp-json\/wp\/v2\/pages\/3\/revisions\/2833"}],"wp:attachment":[{"href":"https:\/\/unikaparfums.com\/en\/wp-json\/wp\/v2\/media?parent=3"}],"curies":[{"name":"wp","href":"https:\/\/api.w.org\/{rel}","templated":true}]}}