{"id":2236,"date":"2021-01-05T16:02:35","date_gmt":"2021-01-05T16:02:35","guid":{"rendered":"https:\/\/perfumista.fr\/?page_id=2236"},"modified":"2023-10-03T12:26:42","modified_gmt":"2023-10-03T10:26:42","slug":"mentions-legales","status":"publish","type":"page","link":"https:\/\/unikaparfums.com\/en\/mentions-legales\/","title":{"rendered":"Legal Notice"},"content":{"rendered":"<div data-elementor-type=\"wp-page\" data-elementor-id=\"2236\" class=\"elementor elementor-2236\">\n\t\t\t\t\t\t<section class=\"elementor-section elementor-top-section elementor-element elementor-element-25b0fcb elementor-section-boxed elementor-section-height-default elementor-section-height-default\" data-id=\"25b0fcb\" data-element_type=\"section\">\n\t\t\t\t\t\t<div class=\"elementor-container elementor-column-gap-default\">\n\t\t\t\t\t<div class=\"elementor-column elementor-col-100 elementor-top-column elementor-element elementor-element-30e4705\" data-id=\"30e4705\" data-element_type=\"column\">\n\t\t\t<div class=\"elementor-widget-wrap elementor-element-populated\">\n\t\t\t\t\t\t<div class=\"elementor-element elementor-element-e640aac elementor-widget elementor-widget-heading\" data-id=\"e640aac\" data-element_type=\"widget\" data-widget_type=\"heading.default\">\n\t\t\t\t<div class=\"elementor-widget-container\">\n\t\t\t\t\t<h2 class=\"elementor-heading-title elementor-size-default\">Legal Notice<\/h2>\t\t\t\t<\/div>\n\t\t\t\t<\/div>\n\t\t\t\t<div class=\"elementor-element elementor-element-66c3b73 elementor-widget-divider--view-line elementor-widget elementor-widget-divider\" data-id=\"66c3b73\" data-element_type=\"widget\" data-widget_type=\"divider.default\">\n\t\t\t\t<div class=\"elementor-widget-container\">\n\t\t\t\t\t\t\t<div class=\"elementor-divider\">\n\t\t\t<span class=\"elementor-divider-separator\">\n\t\t\t\t\t\t<\/span>\n\t\t<\/div>\n\t\t\t\t\t\t<\/div>\n\t\t\t\t<\/div>\n\t\t\t\t<div class=\"elementor-element elementor-element-6dfea34 elementor-widget elementor-widget-text-editor\" data-id=\"6dfea34\" data-element_type=\"widget\" data-widget_type=\"text-editor.default\">\n\t\t\t\t<div class=\"elementor-widget-container\">\n\t\t\t\t\t\t\t\t\t<p>L\u2019\u00e9diteur du site\u00a0<strong>www.unika.com<\/strong> est unika, Soci\u00e9t\u00e9 par actions simplifi\u00e9e \u00e0 associ\u00e9 unique au capital de 1000 \u20ac immatricul\u00e9e au Registre du commerce et des soci\u00e9t\u00e9s de Draguignan sous le num\u00e9ro 831906334, Si\u00e8ge social : Chemin du Pibonnet Tassy, 83440 Tourrettes. FRANCE, propri\u00e9taire des marques exploit\u00e9es sur le site.<\/p><p>The director of the publication is Mrs V\u00e9ronique STAMBOULI, in her capacity as Manager of the company.<\/p><p>Le site\u00a0<a href=\"http:\/\/www.perfumista.fr\">www.unika.com<\/a>\u00a0 est h\u00e9berg\u00e9 par\u00a0IONOS.<\/p><p>As this website is more particularly intended to be visited by Europeans, we would like to assure you that we are committed to complying with the principles of confidentiality, loyalty and security with regard to the processing of personal data under European law. The fact of accessing and browsing the site constitutes an unreserved acceptance by the Internet user of the following details:<\/p><p>\u00a0<\/p><p>\u00a0<\/p><h3>Data of a personal nature<\/h3><p>On entend par donn\u00e9es \u00e0 caract\u00e8re personnel toute information personnelle qui permet de vous contacter, notamment : nom, pr\u00e9nom, adresses e-mail et postale, t\u00e9l\u00e9phone\/fax, date de naissance ou toute autre information qui vous identifie personnellement que vous seriez susceptible de fournir \u00e0 www.unika.fr<\/p><p>Certaines informations personnelles peuvent \u00eatre fournies \u00e0 la soci\u00e9t\u00e9 UNIKA au moment, de la cr\u00e9ation d\u2019un compte, au moment d\u2019une commande, si vous communiquez avec la soci\u00e9t\u00e9 UNIKA par e-mail, par \u00e9crit.<\/p><p>UNIKA collecte uniquement les informations nominatives que vous soumettez volontairement. Dans le cas o\u00f9 vous pr\u00e9f\u00e9reriez que nous ne collections pas d\u2019informations nominatives vous concernant, nous vous remercions de vous abstenir de nous fournir de telles informations. Vous pouvez visiter et consulter le site unika.com sans r\u00e9v\u00e9ler des informations personnelles \u00e0 votre sujet.<\/p><h3>\u00a0<\/h3><h3>Use of personal data<\/h3><p>La soci\u00e9t\u00e9 UNIKA pourra utiliser les donn\u00e9es personnelles collect\u00e9es sur le site \u00e0 plusieurs fins : pour \u00e9tablir et v\u00e9rifier l\u2019identit\u00e9 des clients ; pour l\u2019ouverture, le maintien, l\u2019administration des comptes clients et membres ; pour le traitement et l\u2019ex\u00e9cution des transactions et l\u2019envoi d\u2019informations relatives \u00e0 ce sujet ; pour apporter un service et une aide aux utilisateurs ; pour am\u00e9liorer le site, notamment pour l\u2019adaptation du site aux pr\u00e9f\u00e9rences des utilisateurs ; pour informer les utilisateurs des mises \u00e0 jour produits, des offres promotionnelles, et d\u2019autres informations relatives \u00e0 la soci\u00e9t\u00e9 PERFUMISTA ,pour r\u00e9pondre \u00e0 vos requ\u00eates et commentaires ; pour maintenir la s\u00e9curit\u00e9 et l\u2019int\u00e9grit\u00e9 de ses syst\u00e8mes.<\/p><p>\u00a0<\/p><p>\u00a0<\/p><h3>Non-disclosure of personal data<\/h3><p>Personal data will not be communicated to third parties for marketing purposes without your consent.<\/p><p>\u00a0<\/p><p>\u00a0<\/p><h3>Security<\/h3><p>We implement various security measures to protect the security of your personally identifiable information both online and offline. If you have any questions about the security of our Website, you can send us an email at\u00a0<a href=\"mailto:contact@perfumista.Fr\">contact@unika.com<\/a>.<\/p><h3>\u00a0<\/h3><h3>Notification of Changes<\/h3><p>We may change this legal notice from time to time. If we decide to change the legal notice, we will include the legal notice as amended here. We recommend that you review this legal notice regularly. Please note that our rights to use your personal data are linked to the legal notice in effect at the time the information was used.<\/p><p>\u00a0<\/p><p>\u00a0<\/p><h3>Updating Personal Information<\/h3><p>Vous avez la possibilit\u00e9 de consulter, de modifier et de corriger les informations nominatives que vous nous avez fournies en \u00e9crivant \u00e0 unika.com. Si vous avez un compte, vous pouvez modifier les informations nominatives vous concernant \u00e0 tout moment en vous rendant sur celui-ci. Vous pouvez \u00e9galement demander la d\u00e9sactivation de votre compte en nous \u00e9crivant \u00e0 <a href=\"mailto:contact@unika.com\" target=\"_blank\" rel=\"noopener\">contact@unika.com<\/a><\/p><p>\u00a0<\/p><p>\u00a0<\/p><h3>Acknowledgements<\/h3><ul><li>Conception packaging\u00a0: Claudine Roublot\u00a0\/ Parfum et projet : <a href=\"http:\/\/www.parfumprojet.com\" target=\"_blank\" rel=\"noopener\">www.parfumprojet.com<\/a><\/li><li>Textes\u00a0: Isabelle Sadoux \/ D\u2019un mot \u00e0 l\u2019autre : <a href=\"http:\/\/www.dunmotalautre.com\" target=\"_blank\" rel=\"noopener\">www.dunmotalautre.com<\/a><\/li><li>Photographies et visuels\u00a0: David Juillet<\/li><li>Graphisme\u00a0: Nicolas Prudent<\/li><li>Conditionnement \u00e9chantillons\u00a0: Esatitude : <a href=\"http:\/\/www.adapeiam.fr\" target=\"_blank\" rel=\"noopener\">www.adapeiam.fr<\/a><\/li><li>Web design\u00a0: Softease : <a href=\"http:\/\/www.softease.fr\" target=\"_blank\" rel=\"noopener\">www.softease.fr<\/a><\/li><li>Laboratoire et production\u00a0: Attractive Scent : <a href=\"http:\/\/www.attractive-scent.fr\" target=\"_blank\" rel=\"noopener\">www.attractive-scent.fr<\/a><\/li><\/ul>\t\t\t\t\t\t\t\t<\/div>\n\t\t\t\t<\/div>\n\t\t\t\t<div class=\"elementor-element elementor-element-c7c7083 elementor-widget elementor-widget-spacer\" data-id=\"c7c7083\" data-element_type=\"widget\" data-widget_type=\"spacer.default\">\n\t\t\t\t<div class=\"elementor-widget-container\">\n\t\t\t\t\t\t\t<div class=\"elementor-spacer\">\n\t\t\t<div class=\"elementor-spacer-inner\"><\/div>\n\t\t<\/div>\n\t\t\t\t\t\t<\/div>\n\t\t\t\t<\/div>\n\t\t\t\t\t<\/div>\n\t\t<\/div>\n\t\t\t\t\t<\/div>\n\t\t<\/section>\n\t\t\t\t<\/div>","protected":false},"excerpt":{"rendered":"<p>Mentions l\u00e9gales L\u2019\u00e9diteur du site\u00a0www.unika.com est unika, Soci\u00e9t\u00e9 par actions simplifi\u00e9e \u00e0 associ\u00e9 unique au capital de 1000 \u20ac immatricul\u00e9e au Registre du commerce et des soci\u00e9t\u00e9s de Draguignan sous le num\u00e9ro 831906334, Si\u00e8ge social : Chemin du Pibonnet Tassy, 83440 Tourrettes. FRANCE, propri\u00e9taire des marques exploit\u00e9es sur le site. La directrice de la publication &hellip;<\/p>","protected":false},"author":1,"featured_media":0,"parent":0,"menu_order":0,"comment_status":"closed","ping_status":"closed","template":"","meta":{"footnotes":""},"class_list":["post-2236","page","type-page","status-publish","hentry"],"yoast_head":"<!-- This site is optimized with the Yoast SEO plugin v26.8 - https:\/\/yoast.com\/product\/yoast-seo-wordpress\/ -->\n<title>Mentions l\u00e9gales - Unika parfums<\/title>\n<meta name=\"robots\" content=\"index, follow, max-snippet:-1, max-image-preview:large, max-video-preview:-1\" \/>\n<link rel=\"canonical\" href=\"https:\/\/unikaparfums.com\/en\/mentions-legales\/\" \/>\n<meta property=\"og:locale\" content=\"en_US\" \/>\n<meta property=\"og:type\" content=\"article\" \/>\n<meta property=\"og:title\" content=\"Mentions l\u00e9gales - Unika parfums\" \/>\n<meta property=\"og:description\" content=\"Mentions l\u00e9gales L\u2019\u00e9diteur du site\u00a0www.unika.com est unika, Soci\u00e9t\u00e9 par actions simplifi\u00e9e \u00e0 associ\u00e9 unique au capital de 1000 \u20ac immatricul\u00e9e au Registre du commerce et des soci\u00e9t\u00e9s de Draguignan sous le num\u00e9ro 831906334, Si\u00e8ge social : Chemin du Pibonnet Tassy, 83440 Tourrettes. FRANCE, propri\u00e9taire des marques exploit\u00e9es sur le site. La directrice de la publication &hellip;\" \/>\n<meta property=\"og:url\" content=\"https:\/\/unikaparfums.com\/en\/mentions-legales\/\" \/>\n<meta property=\"og:site_name\" content=\"Unika parfums\" \/>\n<meta property=\"article:modified_time\" content=\"2023-10-03T10:26:42+00:00\" \/>\n<meta name=\"twitter:card\" content=\"summary_large_image\" \/>\n<meta name=\"twitter:label1\" content=\"Est. reading time\" \/>\n\t<meta name=\"twitter:data1\" content=\"3 minutes\" \/>\n<script type=\"application\/ld+json\" class=\"yoast-schema-graph\">{\"@context\":\"https:\/\/schema.org\",\"@graph\":[{\"@type\":\"WebPage\",\"@id\":\"https:\/\/unikaparfums.com\/mentions-legales\/\",\"url\":\"https:\/\/unikaparfums.com\/mentions-legales\/\",\"name\":\"Mentions l\u00e9gales - Unika parfums\",\"isPartOf\":{\"@id\":\"https:\/\/unikaparfums.com\/#website\"},\"datePublished\":\"2021-01-05T16:02:35+00:00\",\"dateModified\":\"2023-10-03T10:26:42+00:00\",\"breadcrumb\":{\"@id\":\"https:\/\/unikaparfums.com\/mentions-legales\/#breadcrumb\"},\"inLanguage\":\"en-US\",\"potentialAction\":[{\"@type\":\"ReadAction\",\"target\":[\"https:\/\/unikaparfums.com\/mentions-legales\/\"]}]},{\"@type\":\"BreadcrumbList\",\"@id\":\"https:\/\/unikaparfums.com\/mentions-legales\/#breadcrumb\",\"itemListElement\":[{\"@type\":\"ListItem\",\"position\":1,\"name\":\"Accueil\",\"item\":\"https:\/\/unikaparfums.com\/\"},{\"@type\":\"ListItem\",\"position\":2,\"name\":\"Mentions l\u00e9gales\"}]},{\"@type\":\"WebSite\",\"@id\":\"https:\/\/unikaparfums.com\/#website\",\"url\":\"https:\/\/unikaparfums.com\/\",\"name\":\"Unika parfums\",\"description\":\"Le parfum est une \u00e9motion\",\"publisher\":{\"@id\":\"https:\/\/unikaparfums.com\/#organization\"},\"potentialAction\":[{\"@type\":\"SearchAction\",\"target\":{\"@type\":\"EntryPoint\",\"urlTemplate\":\"https:\/\/unikaparfums.com\/?s={search_term_string}\"},\"query-input\":{\"@type\":\"PropertyValueSpecification\",\"valueRequired\":true,\"valueName\":\"search_term_string\"}}],\"inLanguage\":\"en-US\"},{\"@type\":\"Organization\",\"@id\":\"https:\/\/unikaparfums.com\/#organization\",\"name\":\"Perfumista\",\"url\":\"https:\/\/unikaparfums.com\/\",\"logo\":{\"@type\":\"ImageObject\",\"inLanguage\":\"en-US\",\"@id\":\"https:\/\/unikaparfums.com\/#\/schema\/logo\/image\/\",\"url\":\"https:\/\/unikaparfums.com\/wp-content\/uploads\/2023\/09\/favicon.png\",\"contentUrl\":\"https:\/\/unikaparfums.com\/wp-content\/uploads\/2023\/09\/favicon.png\",\"width\":960,\"height\":960,\"caption\":\"Perfumista\"},\"image\":{\"@id\":\"https:\/\/unikaparfums.com\/#\/schema\/logo\/image\/\"}}]}<\/script>\n<!-- \/ Yoast SEO plugin. -->","yoast_head_json":{"title":"Mentions l\u00e9gales - Unika parfums","robots":{"index":"index","follow":"follow","max-snippet":"max-snippet:-1","max-image-preview":"max-image-preview:large","max-video-preview":"max-video-preview:-1"},"canonical":"https:\/\/unikaparfums.com\/en\/mentions-legales\/","og_locale":"en_US","og_type":"article","og_title":"Mentions l\u00e9gales - Unika parfums","og_description":"Mentions l\u00e9gales L\u2019\u00e9diteur du site\u00a0www.unika.com est unika, Soci\u00e9t\u00e9 par actions simplifi\u00e9e \u00e0 associ\u00e9 unique au capital de 1000 \u20ac immatricul\u00e9e au Registre du commerce et des soci\u00e9t\u00e9s de Draguignan sous le num\u00e9ro 831906334, Si\u00e8ge social : Chemin du Pibonnet Tassy, 83440 Tourrettes. FRANCE, propri\u00e9taire des marques exploit\u00e9es sur le site. La directrice de la publication &hellip;","og_url":"https:\/\/unikaparfums.com\/en\/mentions-legales\/","og_site_name":"Unika parfums","article_modified_time":"2023-10-03T10:26:42+00:00","twitter_card":"summary_large_image","twitter_misc":{"Est. reading time":"3 minutes"},"schema":{"@context":"https:\/\/schema.org","@graph":[{"@type":"WebPage","@id":"https:\/\/unikaparfums.com\/mentions-legales\/","url":"https:\/\/unikaparfums.com\/mentions-legales\/","name":"Mentions l\u00e9gales - Unika parfums","isPartOf":{"@id":"https:\/\/unikaparfums.com\/#website"},"datePublished":"2021-01-05T16:02:35+00:00","dateModified":"2023-10-03T10:26:42+00:00","breadcrumb":{"@id":"https:\/\/unikaparfums.com\/mentions-legales\/#breadcrumb"},"inLanguage":"en-US","potentialAction":[{"@type":"ReadAction","target":["https:\/\/unikaparfums.com\/mentions-legales\/"]}]},{"@type":"BreadcrumbList","@id":"https:\/\/unikaparfums.com\/mentions-legales\/#breadcrumb","itemListElement":[{"@type":"ListItem","position":1,"name":"Accueil","item":"https:\/\/unikaparfums.com\/"},{"@type":"ListItem","position":2,"name":"Mentions l\u00e9gales"}]},{"@type":"WebSite","@id":"https:\/\/unikaparfums.com\/#website","url":"https:\/\/unikaparfums.com\/","name":"Unika parfums","description":"Perfume is an emotion","publisher":{"@id":"https:\/\/unikaparfums.com\/#organization"},"potentialAction":[{"@type":"SearchAction","target":{"@type":"EntryPoint","urlTemplate":"https:\/\/unikaparfums.com\/?s={search_term_string}"},"query-input":{"@type":"PropertyValueSpecification","valueRequired":true,"valueName":"search_term_string"}}],"inLanguage":"en-US"},{"@type":"Organization","@id":"https:\/\/unikaparfums.com\/#organization","name":"Perfumista","url":"https:\/\/unikaparfums.com\/","logo":{"@type":"ImageObject","inLanguage":"en-US","@id":"https:\/\/unikaparfums.com\/#\/schema\/logo\/image\/","url":"https:\/\/unikaparfums.com\/wp-content\/uploads\/2023\/09\/favicon.png","contentUrl":"https:\/\/unikaparfums.com\/wp-content\/uploads\/2023\/09\/favicon.png","width":960,"height":960,"caption":"Perfumista"},"image":{"@id":"https:\/\/unikaparfums.com\/#\/schema\/logo\/image\/"}}]}},"jetpack_sharing_enabled":true,"_links":{"self":[{"href":"https:\/\/unikaparfums.com\/en\/wp-json\/wp\/v2\/pages\/2236","targetHints":{"allow":["GET"]}}],"collection":[{"href":"https:\/\/unikaparfums.com\/en\/wp-json\/wp\/v2\/pages"}],"about":[{"href":"https:\/\/unikaparfums.com\/en\/wp-json\/wp\/v2\/types\/page"}],"author":[{"embeddable":true,"href":"https:\/\/unikaparfums.com\/en\/wp-json\/wp\/v2\/users\/1"}],"replies":[{"embeddable":true,"href":"https:\/\/unikaparfums.com\/en\/wp-json\/wp\/v2\/comments?post=2236"}],"version-history":[{"count":31,"href":"https:\/\/unikaparfums.com\/en\/wp-json\/wp\/v2\/pages\/2236\/revisions"}],"predecessor-version":[{"id":2830,"href":"https:\/\/unikaparfums.com\/en\/wp-json\/wp\/v2\/pages\/2236\/revisions\/2830"}],"wp:attachment":[{"href":"https:\/\/unikaparfums.com\/en\/wp-json\/wp\/v2\/media?parent=2236"}],"curies":[{"name":"wp","href":"https:\/\/api.w.org\/{rel}","templated":true}]}}